{"id":7875,"date":"2019-06-24T09:54:09","date_gmt":"2019-06-24T07:54:09","guid":{"rendered":"https:\/\/www.envigeo.eu\/about-us\/"},"modified":"2026-03-31T08:05:34","modified_gmt":"2026-03-31T06:05:34","slug":"about-us","status":"publish","type":"page","link":"https:\/\/envigeo.eu\/en\/about-us\/","title":{"rendered":"About us"},"content":{"rendered":"<p>[vc_row disable_element=&#8221;yes&#8221; rt_row_background_width=&#8221;fullwidth&#8221; rt_row_content_width=&#8221;fullwidth&#8221; rt_row_style=&#8221;default-style&#8221; rt_row_height=&#8221;&#8221; rt_column_gaps=&#8221;&#8221; rt_row_shadows=&#8221;&#8221; rt_row_borders=&#8221;&#8221; rt_bg_effect=&#8221;classic&#8221; rt_bg_image_repeat=&#8221;repeat&#8221; rt_bg_size=&#8221;cover&#8221; rt_bg_position=&#8221;right top&#8221; rt_bg_attachment=&#8221;scroll&#8221; rt_bg_layer=&#8221;&#8221; rt_bg_video_format=&#8221;self-hosted&#8221; rt_class=&#8221;rt-9968235&#8243; rt_paddings=&#8221;,,,&#8221; rt_margins=&#8221;,,,&#8221; rt_content_margins=&#8221;,,,&#8221; rt_tablet_paddings=&#8221;0,0,,&#8221; rt_tablet_margins=&#8221;,,,&#8221; rt_tablet_content_margins=&#8221;,,,&#8221; rt_sp_paddings=&#8221;0,0,,&#8221; rt_sp_margins=&#8221;,,,&#8221; rt_sp_content_margins=&#8221;,,,&#8221;][vc_column rt_bg_effect=&#8221;classic&#8221; rt_bg_image_repeat=&#8221;repeat&#8221; rt_bg_size=&#8221;auto auto&#8221; rt_bg_position=&#8221;right top&#8221; rt_bg_attachment=&#8221;scroll&#8221;][vc_empty_space height=&#8221;1px&#8221;][\/vc_column][\/vc_row][vc_row rt_row_background_width=&#8221;fullwidth&#8221; rt_row_content_width=&#8221;default&#8221; rt_row_style=&#8221;alt-style-1&#8243; rt_row_height=&#8221;&#8221; rt_column_placement=&#8221;middle&#8221; rt_column_view=&#8221;equal_heights&#8221; rt_column_gaps=&#8221;&#8221; rt_row_shadows=&#8221;&#8221; rt_row_borders=&#8221;bottom&#8221; rt_bg_effect=&#8221;classic&#8221; rt_transparent_bg=&#8221;true&#8221; rt_bg_image_repeat=&#8221;no-repeat&#8221; rt_bg_size=&#8221;cover&#8221; rt_bg_position=&#8221;right top&#8221; rt_bg_attachment=&#8221;scroll&#8221; rt_bg_layer=&#8221;&#8221; rt_bg_video_format=&#8221;self-hosted&#8221; rt_row_paddings=&#8221;true&#8221; rt_padding_top=&#8221;60&#8243; rt_padding_bottom=&#8221;0&#8243; rt_class=&#8221;rt-6821700&#8243; rt_paddings=&#8221;44px,44px,0,0px&#8221; rt_margins=&#8221;,,,&#8221; rt_content_margins=&#8221;,,,&#8221; rt_tablet_paddings=&#8221;0,0,,&#8221; rt_tablet_margins=&#8221;,,,&#8221; rt_tablet_content_margins=&#8221;,,,&#8221; rt_sp_paddings=&#8221;0,0,,&#8221; rt_sp_margins=&#8221;,,,&#8221; rt_sp_content_margins=&#8221;,,,&#8221; rt_bg_image=&#8221;7534&#8243; rt_bg_overlay_color=&#8221;rgba(255,255,255,0.9)&#8221;][vc_column width=&#8221;1\/2&#8243; rt_bg_effect=&#8221;classic&#8221; rt_bg_image_repeat=&#8221;no-repeat&#8221; rt_bg_size=&#8221;contain&#8221; rt_bg_position=&#8221;center center&#8221; rt_bg_attachment=&#8221;scroll&#8221; rt_col_paddings=&#8221;true&#8221; rt_wrp_col_paddings=&#8221;false&#8221; tablet_text_align=&#8221;&#8221; mobile_text_align=&#8221;&#8221; rt_bg_color=&#8221;&#8221; rt_bg_overlay_color=&#8221;&#8221; offset=&#8221;vc_col-md-6&#8243; rt_class=&#8221;rt-9534326&#8243; rt_margins=&#8221;120px,120px&#8221; rt_paddings=&#8221;40px,40px,40px,40px&#8221; rt_wrapper_paddings=&#8221;,,,&#8221; rt_tablet_margins=&#8221;60px,60px&#8221; rt_tablet_paddings=&#8221;,,,&#8221; rt_tablet_wrapper_paddings=&#8221;,,,&#8221; rt_sp_margins=&#8221;30,30&#8243; rt_sp_paddings=&#8221;,,,&#8221; rt_sp_wrapper_paddings=&#8221;,,,&#8221; class=&#8221;tablet-text-center&#8221;]<div class=\"rt-heading-wrapper rt-9975872\">\n\t\t\t\t\t\t<h1 class=\"rt-heading\" >Company profile<\/h1>\n\t\t\t\t\t<\/div>[vc_column_text 0=&#8221;&#8221;]<\/p>\n<p class=\"p1\"><span style=\"color: #333333;\"><strong>ENVIGEO (as EnviGeo, Ltd.) was established on April 1, 1994.<br \/>\n<\/strong>Its\u00a0activities focused primarily on\u00a0geological work in\u00a0the\u00a0field of\u00a0environment. In\u00a01998, subsidiaries of\u00a0ENVISTAV,\u00a0Ltd., ENVITAZ,\u00a0Ltd. and\u00a0ENVIGIS,\u00a0Ltd. were established as a\u00a0result of\u00a0expanding the\u00a0company&#8217;s activities in\u00a0the\u00a0areas of\u00a0environmental construction, mining and\u00a0processing of\u00a0mineral resources and\u00a0geographic information systems\u00a0(GIS). The\u00a0extention of\u00a0activities by\u00a0drilling work led to\u00a0the\u00a0creation of\u00a0the\u00a0ENVITEC Technical Works Department in\u00a02001.<\/span><\/p>\n<p><span style=\"color: #333333;\"><strong>In 2003, the joint-stock company ENVIGEO was established.<\/strong> The\u00a0original subsidiaries associated in\u00a0the\u00a0holding and\u00a0the\u00a0technical works department were transformed into\u00a0its\u00a0branch plants.<\/span><\/p>\n<p><span style=\"color: #333333;\">In\u00a02007, the\u00a0company underwent another reorganization.<\/span><\/p>\n<p><span style=\"color: #333333;\"><strong>Currently, the\u00a0company consists\u00a0of\u00a04\u00a0divisions:<\/strong><b><br \/>\n<\/b>ENVIGEO &#8211; ENVISTAV &#8211; ENVITAZ &#8211; ENVITEC<\/span>[\/vc_column_text][\/vc_column][vc_column width=&#8221;1\/2&#8243; rt_bg_effect=&#8221;classic&#8221; rt_bg_image_repeat=&#8221;repeat&#8221; rt_bg_size=&#8221;auto auto&#8221; rt_bg_position=&#8221;right top&#8221; rt_bg_attachment=&#8221;scroll&#8221;][vc_empty_space height=&#8221;70px&#8221;][vc_single_image image=&#8221;11335&#8243; img_size=&#8221;large&#8221; style=&#8221;vc_box_shadow&#8221;][\/vc_column][\/vc_row][vc_section][vc_row rt_row_background_width=&#8221;fullwidth&#8221; rt_row_content_width=&#8221;default&#8221; rt_row_style=&#8221;default-style&#8221; rt_row_height=&#8221;&#8221; rt_column_gaps=&#8221;&#8221; rt_row_shadows=&#8221;&#8221; rt_row_borders=&#8221;&#8221; rt_bg_effect=&#8221;classic&#8221; rt_bg_image_repeat=&#8221;repeat&#8221; rt_bg_size=&#8221;cover&#8221; rt_bg_position=&#8221;right top&#8221; rt_bg_attachment=&#8221;scroll&#8221; rt_bg_layer=&#8221;&#8221; rt_bg_video_format=&#8221;self-hosted&#8221;][vc_column width=&#8221;1\/3&#8243; rt_bg_effect=&#8221;classic&#8221; rt_bg_image_repeat=&#8221;repeat&#8221; rt_bg_size=&#8221;auto auto&#8221; rt_bg_position=&#8221;right top&#8221; rt_bg_attachment=&#8221;scroll&#8221;][\/vc_column][vc_column width=&#8221;1\/3&#8243; rt_bg_effect=&#8221;classic&#8221; rt_bg_image_repeat=&#8221;repeat&#8221; rt_bg_size=&#8221;auto auto&#8221; rt_bg_position=&#8221;right top&#8221; rt_bg_attachment=&#8221;scroll&#8221;][vc_column_text]<\/p>\n<h4 style=\"text-align: center;\">The management system of\u00a0ENVIGEO,\u00a0Inc. is certified and\u00a0meets the\u00a0requirements of\u00a0standards:<\/h4>\n<p>[\/vc_column_text][\/vc_column][vc_column width=&#8221;1\/3&#8243; rt_bg_effect=&#8221;classic&#8221; rt_bg_image_repeat=&#8221;repeat&#8221; rt_bg_size=&#8221;auto auto&#8221; rt_bg_position=&#8221;right top&#8221; rt_bg_attachment=&#8221;scroll&#8221;][\/vc_column][\/vc_row][vc_row rt_row_background_width=&#8221;fullwidth&#8221; rt_row_content_width=&#8221;default&#8221; rt_row_style=&#8221;default-style&#8221; rt_row_height=&#8221;&#8221; rt_column_gaps=&#8221;&#8221; rt_row_shadows=&#8221;&#8221; rt_row_borders=&#8221;&#8221; rt_bg_effect=&#8221;classic&#8221; rt_bg_image_repeat=&#8221;repeat&#8221; rt_bg_size=&#8221;cover&#8221; rt_bg_position=&#8221;right top&#8221; rt_bg_attachment=&#8221;scroll&#8221; rt_bg_layer=&#8221;&#8221; rt_bg_video_format=&#8221;self-hosted&#8221;][vc_column width=&#8221;1\/4&#8243; rt_bg_effect=&#8221;classic&#8221; rt_bg_image_repeat=&#8221;repeat&#8221; rt_bg_size=&#8221;auto auto&#8221; rt_bg_position=&#8221;right top&#8221; rt_bg_attachment=&#8221;scroll&#8221;][vc_column_text]<\/p>\n<p style=\"text-align: center;\">ISO 9001: 2015<\/p>\n<p>[\/vc_column_text][vc_single_image image=&#8221;11353&#8243; img_size=&#8221;medium&#8221; alignment=&#8221;center&#8221; onclick=&#8221;link_image&#8221;][vc_separator style=&#8221;style-1&#8243; rt_class=&#8221;rt-5199868&#8243; margins=&#8221;,,,&#8221;][\/vc_column][vc_column width=&#8221;1\/4&#8243; rt_bg_effect=&#8221;classic&#8221; rt_bg_image_repeat=&#8221;repeat&#8221; rt_bg_size=&#8221;auto auto&#8221; rt_bg_position=&#8221;right top&#8221; rt_bg_attachment=&#8221;scroll&#8221;][vc_column_text]<\/p>\n<p style=\"text-align: center;\">ISO 14001: 2015<\/p>\n<p>[\/vc_column_text][vc_single_image image=&#8221;11355&#8243; img_size=&#8221;medium&#8221; alignment=&#8221;center&#8221; onclick=&#8221;link_image&#8221;][vc_separator style=&#8221;style-1&#8243; rt_class=&#8221;rt-2349668&#8243; margins=&#8221;,,,&#8221;][\/vc_column][vc_column width=&#8221;1\/4&#8243; rt_bg_effect=&#8221;classic&#8221; rt_bg_image_repeat=&#8221;repeat&#8221; rt_bg_size=&#8221;auto auto&#8221; rt_bg_position=&#8221;right top&#8221; rt_bg_attachment=&#8221;scroll&#8221;][vc_column_text]<\/p>\n<p style=\"text-align: center;\">ISO 45001: 2018<\/p>\n<p>[\/vc_column_text][vc_single_image image=&#8221;12216&#8243; img_size=&#8221;medium&#8221; alignment=&#8221;center&#8221; onclick=&#8221;link_image&#8221; css=&#8221;&#8221;][vc_separator style=&#8221;style-1&#8243; rt_class=&#8221;rt-9100871&#8243; margins=&#8221;,,,&#8221;][\/vc_column][vc_column width=&#8221;1\/4&#8243; rt_bg_effect=&#8221;classic&#8221; rt_bg_image_repeat=&#8221;repeat&#8221; rt_bg_size=&#8221;auto auto&#8221; rt_bg_position=&#8221;right top&#8221; rt_bg_attachment=&#8221;scroll&#8221;][vc_column_text]<\/p>\n<p style=\"text-align: center;\">EMAS: 2023<\/p>\n<p>[\/vc_column_text][vc_single_image image=&#8221;11308&#8243; img_size=&#8221;medium&#8221; alignment=&#8221;center&#8221; onclick=&#8221;link_image&#8221;][vc_separator style=&#8221;style-1&#8243; rt_class=&#8221;rt-9100871&#8243; margins=&#8221;,,,&#8221;][\/vc_column][\/vc_row][\/vc_section][vc_row rt_row_background_width=&#8221;fullwidth&#8221; rt_row_content_width=&#8221;default&#8221; rt_row_style=&#8221;default-style&#8221; rt_row_height=&#8221;&#8221; rt_column_gaps=&#8221;&#8221; rt_row_shadows=&#8221;&#8221; rt_row_borders=&#8221;&#8221; rt_bg_effect=&#8221;classic&#8221; rt_transparent_bg=&#8221;true&#8221; rt_bg_image_repeat=&#8221;no-repeat&#8221; rt_bg_size=&#8221;cover&#8221; rt_bg_position=&#8221;center center&#8221; rt_bg_attachment=&#8221;scroll&#8221; rt_bg_layer=&#8221;&#8221; rt_bg_video_format=&#8221;self-hosted&#8221; rt_class=&#8221;rt-9150946&#8243; rt_paddings=&#8221;150px,150px,,&#8221; rt_margins=&#8221;,,,&#8221; rt_content_margins=&#8221;,,,&#8221; rt_tablet_paddings=&#8221;,,,&#8221; rt_tablet_margins=&#8221;,,,&#8221; rt_tablet_content_margins=&#8221;,,,&#8221; rt_sp_paddings=&#8221;,,,&#8221; rt_sp_margins=&#8221;,,,&#8221; rt_sp_content_margins=&#8221;,,,&#8221; rt_bg_image=&#8221;7541&#8243; rt_bg_overlay_color=&#8221;rgba(255,255,255,0.8)&#8221;][vc_column rt_bg_effect=&#8221;classic&#8221; rt_bg_image_repeat=&#8221;repeat&#8221; rt_bg_size=&#8221;auto auto&#8221; rt_bg_position=&#8221;right top&#8221; rt_bg_attachment=&#8221;scroll&#8221;][vc_column_text]<\/p>\n<h3 style=\"text-align: center;\">Legal form<\/h3>\n<p style=\"text-align: center;\" align=\"center\"><strong>1994\u00a0&#8211;\u00a01998 <\/strong>Company with\u00a0limited liability<br \/>\n<strong>1998\u00a0&#8211;\u00a02002<\/strong> Holding limited liability company<br \/>\n<strong>Since\u00a02003<\/strong> Joint-stock Company, divided into\u00a0branch plants<br \/>\n<strong>Since\u00a02007<\/strong> Joint-stock Company, divided into\u00a0divisions<\/p>\n<p>[\/vc_column_text][vc_row_inner rt_row_background_width=&#8221;fullwidth&#8221; rt_row_content_width=&#8221;default&#8221; rt_row_style=&#8221;global-style&#8221; rt_row_height=&#8221;&#8221; rt_column_gaps=&#8221;&#8221; rt_row_borders=&#8221;&#8221; rt_bg_effect=&#8221;classic&#8221; rt_bg_image_repeat=&#8221;repeat&#8221; rt_bg_size=&#8221;cover&#8221; rt_bg_position=&#8221;right top&#8221; rt_bg_attachment=&#8221;scroll&#8221; rt_bg_layer=&#8221;&#8221; rt_bg_video_format=&#8221;self-hosted&#8221;][vc_column_inner rt_bg_effect=&#8221;classic&#8221; rt_bg_image_repeat=&#8221;repeat&#8221; rt_bg_size=&#8221;auto auto&#8221; rt_bg_position=&#8221;right top&#8221; rt_bg_attachment=&#8221;scroll&#8221;][vc_empty_space][\/vc_column_inner][\/vc_row_inner][vc_column_text]<\/p>\n<h4 style=\"text-align: center;\">Downloads<\/h4>\n<p>[\/vc_column_text][vc_tta_tabs style=&#8221;modern&#8221; spacing=&#8221;35&#8243; gap=&#8221;15&#8243; alignment=&#8221;center&#8221; active_section=&#8221;1&#8243; no_fill_content_area=&#8221;true&#8221;][vc_tta_section title=&#8221;Our logo &#8211; square (PNG)&#8221; tab_id=&#8221;1553257240703-a77f4ec4-f5ca&#8221;][vc_single_image image=&#8221;8161&#8243; img_size=&#8221;medium&#8221; alignment=&#8221;center&#8221; onclick=&#8221;link_image&#8221;][\/vc_tta_section][vc_tta_section title=&#8221;Our logo &#8211; horizontal (PNG)&#8221; tab_id=&#8221;1553257240754-4e3a4105-5173&#8243;][vc_single_image image=&#8221;8162&#8243; img_size=&#8221;medium&#8221; alignment=&#8221;center&#8221; onclick=&#8221;link_image&#8221;][\/vc_tta_section][vc_tta_section title=&#8221;ISO 9001: 2015&#8243; tab_id=&#8221;1553257462003-36313c8b-5ce9&#8243;][vc_single_image image=&#8221;11353&#8243; img_size=&#8221;medium&#8221; alignment=&#8221;center&#8221; onclick=&#8221;link_image&#8221;][\/vc_tta_section][vc_tta_section title=&#8221;ISO 14001: 2015&#8243; tab_id=&#8221;1553257511556-d3c08509-0931&#8243;][vc_single_image image=&#8221;11355&#8243; img_size=&#8221;medium&#8221; alignment=&#8221;center&#8221; onclick=&#8221;link_image&#8221;][\/vc_tta_section][vc_tta_section title=&#8221;ISO 45001: 2018&#8243; tab_id=&#8221;1553257530855-29d95bc1-c840&#8243;][vc_single_image image=&#8221;12216&#8243; img_size=&#8221;medium&#8221; alignment=&#8221;center&#8221; onclick=&#8221;link_image&#8221; css=&#8221;&#8221;][\/vc_tta_section][vc_tta_section title=&#8221;EMAS: 2023&#8243; tab_id=&#8221;1687943983187-fe06e2a4-149a&#8221;][vc_single_image image=&#8221;11138&#8243; img_size=&#8221;medium&#8221; alignment=&#8221;center&#8221; onclick=&#8221;link_image&#8221;][\/vc_tta_section][vc_tta_section title=&#8221;Organizational structure&#8221; tab_id=&#8221;1553257923972-37fdb48e-3390&#8243;][vc_single_image image=&#8221;7958&#8243; img_size=&#8221;medium&#8221; alignment=&#8221;center&#8221; onclick=&#8221;link_image&#8221;][\/vc_tta_section][vc_tta_section title=&#8221;Shipping regulations&#8221; tab_id=&#8221;1557748799217-ed0dbc1e-c3fe&#8221;][vc_column_text]<\/p>\n<p style=\"text-align: center;\"><a href=\"https:\/\/envigeo.eu\/wp-content\/uploads\/Prepravn\u00fd-poriadok-ENVIGEO-042019.pdf\">Shipping regulations ENVIGEO 04\/2019<\/a><br \/>\n(PDF\u00a0Document)<\/p>\n<p>[\/vc_column_text][\/vc_tta_section][\/vc_tta_tabs][\/vc_column][\/vc_row][vc_section disable_element=&#8221;yes&#8221;][vc_row rt_row_background_width=&#8221;fullwidth&#8221; rt_row_content_width=&#8221;default&#8221; rt_row_style=&#8221;default-style&#8221; rt_row_height=&#8221;&#8221; rt_column_gaps=&#8221;&#8221; rt_row_shadows=&#8221;&#8221; rt_row_borders=&#8221;&#8221; rt_bg_effect=&#8221;classic&#8221; rt_bg_image_repeat=&#8221;repeat&#8221; rt_bg_size=&#8221;cover&#8221; rt_bg_position=&#8221;right top&#8221; rt_bg_attachment=&#8221;scroll&#8221; rt_bg_layer=&#8221;&#8221; rt_bg_video_format=&#8221;self-hosted&#8221; rt_class=&#8221;rt-1323982&#8243; rt_paddings=&#8221;,,,&#8221; rt_margins=&#8221;,,,&#8221; rt_content_margins=&#8221;,,,&#8221; rt_tablet_paddings=&#8221;,,,&#8221; rt_tablet_margins=&#8221;,,,&#8221; rt_tablet_content_margins=&#8221;,,,&#8221; rt_sp_paddings=&#8221;,,,&#8221; rt_sp_margins=&#8221;,,,&#8221; rt_sp_content_margins=&#8221;,,,&#8221;][vc_column rt_bg_effect=&#8221;classic&#8221; rt_bg_image_repeat=&#8221;repeat&#8221; rt_bg_size=&#8221;auto auto&#8221; rt_bg_position=&#8221;right top&#8221; rt_bg_attachment=&#8221;scroll&#8221;][vc_column_text]<\/p>\n<h3 style=\"text-align: center;\">Our workplaces<\/h3>\n<p>[\/vc_column_text][\/vc_column][\/vc_row][vc_row rt_row_background_width=&#8221;fullwidth&#8221; rt_row_content_width=&#8221;default&#8221; rt_row_style=&#8221;default-style&#8221; rt_row_height=&#8221;&#8221; rt_column_gaps=&#8221;&#8221; rt_row_shadows=&#8221;&#8221; rt_row_borders=&#8221;&#8221; rt_bg_effect=&#8221;classic&#8221; rt_bg_image_repeat=&#8221;repeat&#8221; rt_bg_size=&#8221;cover&#8221; rt_bg_position=&#8221;right top&#8221; rt_bg_attachment=&#8221;scroll&#8221; rt_bg_layer=&#8221;&#8221; rt_bg_video_format=&#8221;self-hosted&#8221; rt_class=&#8221;rt-2697050&#8243; rt_paddings=&#8221;,,,&#8221; rt_margins=&#8221;,,,&#8221; rt_content_margins=&#8221;,,,&#8221; rt_tablet_paddings=&#8221;,,,&#8221; rt_tablet_margins=&#8221;,,,&#8221; rt_tablet_content_margins=&#8221;,,,&#8221; rt_sp_paddings=&#8221;,,,&#8221; rt_sp_margins=&#8221;,,,&#8221; rt_sp_content_margins=&#8221;,,,&#8221;][vc_column width=&#8221;1\/3&#8243; rt_bg_effect=&#8221;classic&#8221; rt_bg_image_repeat=&#8221;repeat&#8221; rt_bg_size=&#8221;auto auto&#8221; rt_bg_position=&#8221;right top&#8221; rt_bg_attachment=&#8221;scroll&#8221;][vc_column_text]<\/p>\n<h4 style=\"text-align: center;\"><strong>ENVIGEO, a.s.<\/strong><\/h4>\n<p style=\"text-align: center;\">Kynce\u013eov\u00e1 2<br \/>\n974 11 Bansk\u00e1 Bystrica<\/p>\n<p style=\"text-align: center;\"><strong>GPS coordinates:<\/strong><br \/>\n+48\u00b0 44&#8242; 50.50&#8243;, +19\u00b0 11&#8242; 6.32&#8243;<br \/>\n<a href=\"https:\/\/www.google.sk\/maps\/dir\/Kynce\u013eov\u00e1+2,+974+01+Kynce\u013eov\u00e1\/@48.7472081,19.1830231,742m\/data=!3m2!1e3!4b1!4m8!4m7!1m0!1m5!1m1!1s0x471515ef2e8efdb7:0xfb3959de65fb8a84!2m2!1d19.1852118!2d48.7472046?hl=sk\">map<\/a><\/p>\n<p style=\"text-align: center;\"><strong>Contact:<br \/>\n<\/strong>tel: 048\u00a0<span class=\"tel-\">&#8211;\u00a0<\/span>471 24 30<br \/>\nfax: 048\u00a0<span class=\"tel-\">&#8211;\u00a0<\/span>471 24 23<br \/>\ne.mail: <a href=\"mailto:envigeo@envigeo.sk\">envigeo@envigeo.sk<\/a><\/p>\n<p>[\/vc_column_text][\/vc_column][vc_column width=&#8221;1\/3&#8243; rt_bg_effect=&#8221;classic&#8221; rt_bg_image_repeat=&#8221;repeat&#8221; rt_bg_size=&#8221;auto auto&#8221; rt_bg_position=&#8221;right top&#8221; rt_bg_attachment=&#8221;scroll&#8221;][vc_column_text]<\/p>\n<h4 style=\"text-align: center;\"><strong>ENVIGEO, a.s.<\/strong><\/h4>\n<p style=\"text-align: center;\">Operating area<br \/>\nZvolensk\u00e1 Slatina<\/p>\n<p style=\"text-align: center;\"><strong>GPS coordinates:<\/strong><br \/>\n+48\u00b0 33&#8242; 41.55&#8243;, +19\u00b0 14&#8242; 9.36&#8243;<br \/>\n<a href=\"https:\/\/www.google.sk\/maps\/place\/48\u00b033'41.5%22N+19\u00b014'09.4%22E\/@48.5605534,19.2268274,1482m\/data=!3m1!1e3!4m2!3m1!1s0x0:0x0?hl=sk\">map<\/a><\/p>\n<p style=\"text-align: center;\"><strong>Contact:<\/strong><strong><br \/>\n<\/strong>mobile: +421 902 959 339<br \/>\nfax: 048\u00a0&#8211;\u00a0471 24 23<br \/>\ne.mail: <a href=\"mailto:jasovsky@envigeo.sk\">jasovsky@envigeo.sk<\/a><\/p>\n<p>[\/vc_column_text][\/vc_column][vc_column width=&#8221;1\/3&#8243; rt_bg_effect=&#8221;classic&#8221; rt_bg_image_repeat=&#8221;repeat&#8221; rt_bg_size=&#8221;auto auto&#8221; rt_bg_position=&#8221;right top&#8221; rt_bg_attachment=&#8221;scroll&#8221;][vc_column_text]<\/p>\n<h4 style=\"text-align: center;\"><strong>ENVIGEO, a.s.<\/strong><\/h4>\n<p style=\"text-align: center;\">Priemyseln\u00e1 12<br \/>\n\u017diar nad Hronom<\/p>\n<p style=\"text-align: center;\"><strong>GPS coordinates:<\/strong><br \/>\n+48\u00b0 33&#8242; 40.17&#8243;, +18\u00b0 50&#8242; 37.08&#8243;<br \/>\n<a href=\"https:\/\/www.google.sk\/maps\/place\/48\u00b033'40.2%22N+18\u00b050'37.1%22E\/@48.5611618,18.8414446,743m\/data=!3m2!1e3!4b1!4m2!3m1!1s0x0:0x0?hl=sk\">map<\/a><\/p>\n<p style=\"text-align: center;\"><strong>Contact:<\/strong><strong><br \/>\n<\/strong>mobile: +421 902 959 304<br \/>\nfax: 048\u00a0&#8211;\u00a0471 24 23; 52<br \/>\ne.mail: <a href=\"mailto:cunderlik@envigeo.sk\">cunderlik@envigeo.sk<\/a><\/p>\n<p>[\/vc_column_text][\/vc_column][\/vc_row][vc_row disable_element=&#8221;yes&#8221; rt_row_background_width=&#8221;fullwidth&#8221; rt_row_content_width=&#8221;default&#8221; rt_row_style=&#8221;default-style&#8221; rt_row_height=&#8221;&#8221; rt_column_gaps=&#8221;&#8221; rt_row_shadows=&#8221;&#8221; rt_row_borders=&#8221;&#8221; rt_bg_effect=&#8221;classic&#8221; rt_bg_image_repeat=&#8221;repeat&#8221; rt_bg_size=&#8221;cover&#8221; rt_bg_position=&#8221;right top&#8221; rt_bg_attachment=&#8221;scroll&#8221; rt_bg_layer=&#8221;&#8221; rt_bg_video_format=&#8221;self-hosted&#8221; rt_class=&#8221;rt-9452117&#8243; rt_paddings=&#8221;,,,&#8221; rt_margins=&#8221;,,,&#8221; rt_content_margins=&#8221;,,,&#8221; rt_tablet_paddings=&#8221;,,,&#8221; rt_tablet_margins=&#8221;,,,&#8221; rt_tablet_content_margins=&#8221;,,,&#8221; rt_sp_paddings=&#8221;,,,&#8221; rt_sp_margins=&#8221;,,,&#8221; rt_sp_content_margins=&#8221;,,,&#8221;][vc_column width=&#8221;1\/5&#8243; rt_bg_effect=&#8221;classic&#8221; rt_bg_image_repeat=&#8221;repeat&#8221; rt_bg_size=&#8221;auto auto&#8221; rt_bg_position=&#8221;right top&#8221; rt_bg_attachment=&#8221;scroll&#8221;][vc_column_text]<\/p>\n<div class=\"mapouter\" style=\"text-align: left;\">\n<div class=\"gmap_canvas\"><iframe loading=\"lazy\" id=\"gmap_canvas\" src=\"https:\/\/maps.google.com\/maps?q=Kynce%C4%BEov%C3%A1%202&amp;t=&amp;z=13&amp;ie=UTF8&amp;iwloc=&amp;output=embed\" width=\"300\" height=\"300\" frameborder=\"0\" marginwidth=\"0\" marginheight=\"0\" scrolling=\"no\"><\/iframe><\/div>\n<style>.mapouter{position:relative;text-align:right;height:300px;width:300px;}.gmap_canvas {overflow:hidden;background:none!important;height:300px;width:300px;}<\/style>\n<\/div>\n<p>[\/vc_column_text][\/vc_column][vc_column width=&#8221;1\/5&#8243; rt_bg_effect=&#8221;classic&#8221; rt_bg_image_repeat=&#8221;repeat&#8221; rt_bg_size=&#8221;auto auto&#8221; rt_bg_position=&#8221;right top&#8221; rt_bg_attachment=&#8221;scroll&#8221;][vc_column_text]<\/p>\n<div class=\"mapouter\" style=\"text-align: center;\">\n<div class=\"gmap_canvas\"><iframe loading=\"lazy\" id=\"gmap_canvas\" src=\"https:\/\/maps.google.com\/maps?q=Zvolensk\u00e1 slatina&amp;t=&amp;z=13&amp;ie=UTF8&amp;iwloc=&amp;output=embed\" width=\"300\" height=\"300\" frameborder=\"0\" marginwidth=\"0\" marginheight=\"0\" scrolling=\"no\"><\/iframe><\/div>\n<style>.mapouter{position:relative;text-align:right;height:300px;width:300px;}.gmap_canvas {overflow:hidden;background:none!important;height:300px;width:300px;}<\/style>\n<\/div>\n<p>[\/vc_column_text][\/vc_column][vc_column width=&#8221;1\/5&#8243; rt_bg_effect=&#8221;classic&#8221; rt_bg_image_repeat=&#8221;repeat&#8221; rt_bg_size=&#8221;auto auto&#8221; rt_bg_position=&#8221;right top&#8221; rt_bg_attachment=&#8221;scroll&#8221;][vc_column_text]<\/p>\n<div class=\"mapouter\" style=\"text-align: right;\">\n<div class=\"gmap_canvas\"><iframe loading=\"lazy\" id=\"gmap_canvas\" src=\"https:\/\/maps.google.com\/maps?q=Priemyseln%C3%A1%2012&amp;t=&amp;z=13&amp;ie=UTF8&amp;iwloc=&amp;output=embed\" width=\"300\" height=\"300\" frameborder=\"0\" marginwidth=\"0\" marginheight=\"0\" scrolling=\"no\"><\/iframe><\/div>\n<style>.mapouter{position:relative;text-align:right;height:300px;width:300px;}.gmap_canvas {overflow:hidden;background:none!important;height:300px;width:300px;}<\/style>\n<\/div>\n<p>[\/vc_column_text][\/vc_column][vc_column width=&#8221;1\/5&#8243; rt_bg_effect=&#8221;classic&#8221; rt_bg_image_repeat=&#8221;repeat&#8221; rt_bg_size=&#8221;auto auto&#8221; rt_bg_position=&#8221;right top&#8221; rt_bg_attachment=&#8221;scroll&#8221;][\/vc_column][vc_column width=&#8221;1\/5&#8243; rt_bg_effect=&#8221;classic&#8221; rt_bg_image_repeat=&#8221;repeat&#8221; rt_bg_size=&#8221;auto auto&#8221; rt_bg_position=&#8221;right top&#8221; rt_bg_attachment=&#8221;scroll&#8221;][\/vc_column][\/vc_row][\/vc_section]<\/p>\n","protected":false},"excerpt":{"rendered":"<p>[vc_row disable_element=&#8221;yes&#8221; rt_row_background_width=&#8221;fullwidth&#8221; rt_row_content_width=&#8221;fullwidth&#8221; rt_row_style=&#8221;default-style&#8221; rt_row_height=&#8221;&#8221; rt_column_gaps=&#8221;&#8221; rt_row_shadows=&#8221;&#8221; rt_row_borders=&#8221;&#8221; rt_bg_effect=&#8221;classic&#8221; rt_bg_image_repeat=&#8221;repeat&#8221; rt_bg_size=&#8221;cover&#8221; rt_bg_position=&#8221;right top&#8221; rt_bg_attachment=&#8221;scroll&#8221; rt_bg_layer=&#8221;&#8221; rt_bg_video_format=&#8221;self-hosted&#8221; rt_class=&#8221;rt-9968235&#8243; rt_paddings=&#8221;,,,&#8221; rt_margins=&#8221;,,,&#8221; rt_content_margins=&#8221;,,,&#8221; rt_tablet_paddings=&#8221;0,0,,&#8221; rt_tablet_margins=&#8221;,,,&#8221; rt_tablet_content_margins=&#8221;,,,&#8221; rt_sp_paddings=&#8221;0,0,,&#8221; rt_sp_margins=&#8221;,,,&#8221; rt_sp_content_margins=&#8221;,,,&#8221;][vc_column rt_bg_effect=&#8221;classic&#8221; rt_bg_image_repeat=&#8221;repeat&#8221; rt_bg_size=&#8221;auto auto&#8221; rt_bg_position=&#8221;right top&#8221; rt_bg_attachment=&#8221;scroll&#8221;][vc_empty_space height=&#8221;1px&#8221;][\/vc_column][\/vc_row][vc_row rt_row_background_width=&#8221;fullwidth&#8221; rt_row_content_width=&#8221;default&#8221; rt_row_style=&#8221;alt-style-1&#8243; rt_row_height=&#8221;&#8221; rt_column_placement=&#8221;middle&#8221; rt_column_view=&#8221;equal_heights&#8221; rt_column_gaps=&#8221;&#8221; rt_row_shadows=&#8221;&#8221; rt_row_borders=&#8221;bottom&#8221; rt_bg_effect=&#8221;classic&#8221; rt_transparent_bg=&#8221;true&#8221; rt_bg_image_repeat=&#8221;no-repeat&#8221; rt_bg_size=&#8221;cover&#8221; rt_bg_position=&#8221;right top&#8221; rt_bg_attachment=&#8221;scroll&#8221; rt_bg_layer=&#8221;&#8221; rt_bg_video_format=&#8221;self-hosted&#8221; rt_row_paddings=&#8221;true&#8221; rt_padding_top=&#8221;60&#8243; [&hellip;]<\/p>\n","protected":false},"author":2,"featured_media":0,"parent":0,"menu_order":0,"comment_status":"closed","ping_status":"closed","template":"","meta":{"footnotes":""},"class_list":["post-7875","page","type-page","status-publish","hentry"],"_links":{"self":[{"href":"https:\/\/envigeo.eu\/en\/wp-json\/wp\/v2\/pages\/7875","targetHints":{"allow":["GET"]}}],"collection":[{"href":"https:\/\/envigeo.eu\/en\/wp-json\/wp\/v2\/pages"}],"about":[{"href":"https:\/\/envigeo.eu\/en\/wp-json\/wp\/v2\/types\/page"}],"author":[{"embeddable":true,"href":"https:\/\/envigeo.eu\/en\/wp-json\/wp\/v2\/users\/2"}],"replies":[{"embeddable":true,"href":"https:\/\/envigeo.eu\/en\/wp-json\/wp\/v2\/comments?post=7875"}],"version-history":[{"count":29,"href":"https:\/\/envigeo.eu\/en\/wp-json\/wp\/v2\/pages\/7875\/revisions"}],"predecessor-version":[{"id":12223,"href":"https:\/\/envigeo.eu\/en\/wp-json\/wp\/v2\/pages\/7875\/revisions\/12223"}],"wp:attachment":[{"href":"https:\/\/envigeo.eu\/en\/wp-json\/wp\/v2\/media?parent=7875"}],"curies":[{"name":"wp","href":"https:\/\/api.w.org\/{rel}","templated":true}]}}