{"id":7879,"date":"2019-06-24T10:01:54","date_gmt":"2019-06-24T08:01:54","guid":{"rendered":"https:\/\/www.envigeo.eu\/branch-plants\/"},"modified":"2024-02-06T15:59:13","modified_gmt":"2024-02-06T14:59:13","slug":"our-workplaces","status":"publish","type":"page","link":"https:\/\/envigeo.eu\/en\/our-workplaces\/","title":{"rendered":"Our workplaces"},"content":{"rendered":"<p>[vc_row disable_element=&#8221;yes&#8221; rt_row_background_width=&#8221;fullwidth&#8221; rt_row_content_width=&#8221;default&#8221; rt_row_style=&#8221;default-style&#8221; rt_row_height=&#8221;&#8221; rt_column_gaps=&#8221;&#8221; rt_row_shadows=&#8221;&#8221; rt_row_borders=&#8221;&#8221; rt_bg_effect=&#8221;classic&#8221; rt_bg_image_repeat=&#8221;repeat&#8221; rt_bg_size=&#8221;cover&#8221; rt_bg_position=&#8221;right top&#8221; rt_bg_attachment=&#8221;scroll&#8221; rt_bg_layer=&#8221;&#8221; rt_bg_video_format=&#8221;self-hosted&#8221; rt_class=&#8221;rt-2055213&#8243; rt_paddings=&#8221;,,,&#8221; rt_margins=&#8221;,,,&#8221; rt_content_margins=&#8221;,,,&#8221; rt_tablet_paddings=&#8221;0,0,,&#8221; rt_tablet_margins=&#8221;,,,&#8221; rt_tablet_content_margins=&#8221;,,,&#8221; rt_sp_paddings=&#8221;0,0,,&#8221; rt_sp_margins=&#8221;,,,&#8221; rt_sp_content_margins=&#8221;,,,&#8221;][vc_column rt_bg_effect=&#8221;classic&#8221; rt_bg_image_repeat=&#8221;repeat&#8221; rt_bg_size=&#8221;auto auto&#8221; rt_bg_position=&#8221;right top&#8221; rt_bg_attachment=&#8221;scroll&#8221;][vc_empty_space height=&#8221;1px&#8221;][\/vc_column][\/vc_row][vc_row disable_element=&#8221;yes&#8221; rt_row_background_width=&#8221;fullwidth&#8221; rt_row_content_width=&#8221;default&#8221; rt_row_style=&#8221;default-style&#8221; rt_row_height=&#8221;&#8221; rt_column_gaps=&#8221;&#8221; rt_row_shadows=&#8221;&#8221; rt_row_borders=&#8221;&#8221; rt_bg_effect=&#8221;classic&#8221; rt_bg_image_repeat=&#8221;no-repeat&#8221; rt_bg_size=&#8221;cover&#8221; rt_bg_position=&#8221;right top&#8221; rt_bg_attachment=&#8221;scroll&#8221; rt_bg_layer=&#8221;&#8221; rt_bg_video_format=&#8221;self-hosted&#8221; rt_class=&#8221;rt-1852364&#8243; rt_paddings=&#8221;,,,&#8221; rt_margins=&#8221;,,,&#8221; rt_content_margins=&#8221;,,,&#8221; rt_tablet_paddings=&#8221;,,,&#8221; rt_tablet_margins=&#8221;,,,&#8221; rt_tablet_content_margins=&#8221;,,,&#8221; rt_sp_paddings=&#8221;,,,&#8221; rt_sp_margins=&#8221;,,,&#8221; rt_sp_content_margins=&#8221;,,,&#8221; rt_bg_color=&#8221;#515151&#8243;][vc_column rt_bg_effect=&#8221;classic&#8221; rt_bg_image_repeat=&#8221;repeat&#8221; rt_bg_size=&#8221;auto auto&#8221; rt_bg_position=&#8221;right top&#8221; rt_bg_attachment=&#8221;scroll&#8221;][vc_empty_space height=&#8221;80px&#8221;][vc_custom_heading text=&#8221;Branch plants&#8221; font_container=&#8221;tag:h3|text_align:left|color:%23ffffff&#8221; use_theme_fonts=&#8221;yes&#8221;][\/vc_column][\/vc_row][vc_row disable_element=&#8221;yes&#8221; rt_row_background_width=&#8221;fullwidth&#8221; rt_row_content_width=&#8221;default&#8221; rt_row_style=&#8221;default-style&#8221; rt_row_height=&#8221;&#8221; rt_column_gaps=&#8221;&#8221; rt_row_shadows=&#8221;&#8221; rt_row_borders=&#8221;&#8221; rt_bg_effect=&#8221;classic&#8221; rt_bg_image_repeat=&#8221;repeat&#8221; rt_bg_size=&#8221;cover&#8221; rt_bg_position=&#8221;right top&#8221; rt_bg_attachment=&#8221;scroll&#8221; rt_bg_layer=&#8221;&#8221; rt_bg_video_format=&#8221;self-hosted&#8221; rt_class=&#8221;rt-8082690&#8243; rt_paddings=&#8221;20,20,0,0&#8243; rt_margins=&#8221;,,,&#8221; rt_content_margins=&#8221;,,,&#8221; rt_tablet_paddings=&#8221;,,,&#8221; rt_tablet_margins=&#8221;,,,&#8221; rt_tablet_content_margins=&#8221;,,,&#8221; rt_sp_paddings=&#8221;,,,&#8221; rt_sp_margins=&#8221;,,,&#8221; rt_sp_content_margins=&#8221;,,,&#8221;][vc_column css_animation=&#8221;fadeIn&#8221; rt_bg_effect=&#8221;classic&#8221; rt_bg_image_repeat=&#8221;repeat&#8221; rt_bg_size=&#8221;auto auto&#8221; rt_bg_position=&#8221;right top&#8221; rt_bg_attachment=&#8221;scroll&#8221; rt_class=&#8221;rt-9449118&#8243; rt_margins=&#8221;,&#8221; rt_paddings=&#8221;,,,&#8221; rt_wrapper_paddings=&#8221;,,,&#8221; rt_tablet_margins=&#8221;,&#8221; rt_tablet_paddings=&#8221;,,,&#8221; rt_tablet_wrapper_paddings=&#8221;,,,&#8221; rt_sp_margins=&#8221;,&#8221; rt_sp_paddings=&#8221;,,,&#8221; rt_sp_wrapper_paddings=&#8221;,,,&#8221; rt_bg_color=&#8221;&#8221; rt_bg_overlay_color=&#8221;&#8221;]<div class=\"google_map_holder\" data-height=\"300\" data-scope=\"#map-301475\" data-bw=\"yes\">\n\n\t\t\t<div id=\"map-301475\" class=\"google_map\"><\/div>\n\t\t\t<script type=\"text\/javascript\">\n\t\t\t \/* <![CDATA[ *\/ \n\t\t\t\t\/\/ Runs google maps\t\n\t\t\t\t\tjQuery(function() {\n\t\t\t\t\t\tjQuery(window).on(\"load\",function(){\n\t\t\t\t\t\t\tjQuery(\"#map-301475\").rt_maps([[\"ENVIGEO, a.s.\", 48.747363, 19.185291, 4,\"Kynce\u013eov\u00e1 2, 974 11 Bansk\u00e1 Bystrica, Slovensko\"],],10); \n\t\t\t\t\t\t});\t\n\t\t\t\t\t});\n\t\t\t\/* ]]> *\/\t\n\t\t\t<\/script>\n\n\t\t<\/div>[\/vc_column][\/vc_row][vc_row disable_element=&#8221;yes&#8221; rt_row_background_width=&#8221;fullwidth&#8221; rt_row_content_width=&#8221;fullwidth&#8221; rt_row_style=&#8221;default-style&#8221; rt_row_height=&#8221;&#8221; rt_column_gaps=&#8221;&#8221; rt_row_shadows=&#8221;&#8221; rt_row_borders=&#8221;&#8221; rt_bg_effect=&#8221;classic&#8221; rt_bg_image_repeat=&#8221;repeat&#8221; rt_bg_size=&#8221;cover&#8221; rt_bg_position=&#8221;right top&#8221; rt_bg_attachment=&#8221;scroll&#8221; rt_bg_layer=&#8221;&#8221; rt_bg_video_format=&#8221;self-hosted&#8221; rt_class=&#8221;rt-3455583&#8243; rt_paddings=&#8221;0,0,0,0&#8243; rt_margins=&#8221;,,,&#8221; rt_content_margins=&#8221;,,,&#8221; rt_tablet_paddings=&#8221;,,,&#8221; rt_tablet_margins=&#8221;,,,&#8221; rt_tablet_content_margins=&#8221;,,,&#8221; rt_sp_paddings=&#8221;,,,&#8221; rt_sp_margins=&#8221;,,,&#8221; rt_sp_content_margins=&#8221;,,,&#8221;][vc_column css_animation=&#8221;fadeIn&#8221; rt_bg_effect=&#8221;classic&#8221; rt_bg_image_repeat=&#8221;repeat&#8221; rt_bg_size=&#8221;auto auto&#8221; rt_bg_position=&#8221;right top&#8221; rt_bg_attachment=&#8221;scroll&#8221; rt_class=&#8221;rt-7757441&#8243; rt_margins=&#8221;0,0&#8243; rt_paddings=&#8221;,,0,0&#8243; rt_wrapper_paddings=&#8221;,0,,&#8221; rt_tablet_margins=&#8221;,&#8221; rt_tablet_paddings=&#8221;,,,&#8221; rt_tablet_wrapper_paddings=&#8221;,,,&#8221; rt_sp_margins=&#8221;,&#8221; rt_sp_paddings=&#8221;,,,&#8221; rt_sp_wrapper_paddings=&#8221;,,,&#8221; rt_bg_color=&#8221;&#8221; rt_bg_overlay_color=&#8221;&#8221;]<div class=\"google_map_holder\" data-height=\"272\" data-scope=\"#map-365370\" data-bw=\"yes\">\n\n\t\t\t<div id=\"map-365370\" class=\"google_map\"><\/div>\n\t\t\t<script type=\"text\/javascript\">\n\t\t\t \/* <![CDATA[ *\/ \n\t\t\t\t\/\/ Runs google maps\t\n\t\t\t\t\tjQuery(function() {\n\t\t\t\t\t\tjQuery(window).on(\"load\",function(){\n\t\t\t\t\t\t\tjQuery(\"#map-365370\").rt_maps([[\"Kontaktn\u00e9 miesto \u017diar nad Hronom\", 48.563472, 18.845167, 4,\"Kontaktn\u00e9 miesto, Priemyseln\u00e1 12, \u017diar nad Hronom\"],[\"ENVIGEO, a.s.\", 48.747363, 19.185291, 4,\"Kynce\u013eov\u00e1 2, 974 11 Bansk\u00e1 Bystrica, Slovensko\"],],10); \n\t\t\t\t\t\t});\t\n\t\t\t\t\t});\n\t\t\t\/* ]]> *\/\t\n\t\t\t<\/script>\n\n\t\t<\/div>[\/vc_column][\/vc_row][vc_row rt_row_background_width=&#8221;fullwidth&#8221; rt_row_content_width=&#8221;fullwidth&#8221; rt_row_style=&#8221;default-style&#8221; rt_row_height=&#8221;&#8221; rt_column_gaps=&#8221;&#8221; rt_row_shadows=&#8221;&#8221; rt_row_borders=&#8221;&#8221; rt_bg_effect=&#8221;classic&#8221; rt_bg_image_repeat=&#8221;repeat&#8221; rt_bg_size=&#8221;cover&#8221; rt_bg_position=&#8221;right top&#8221; rt_bg_attachment=&#8221;scroll&#8221; rt_bg_layer=&#8221;&#8221; rt_bg_video_format=&#8221;self-hosted&#8221; rt_class=&#8221;rt-7830574&#8243; rt_paddings=&#8221;0,0,0,0&#8243; rt_margins=&#8221;,,,&#8221; rt_content_margins=&#8221;,,,&#8221; rt_tablet_paddings=&#8221;,,,&#8221; rt_tablet_margins=&#8221;,,,&#8221; rt_tablet_content_margins=&#8221;,,,&#8221; rt_sp_paddings=&#8221;,,,&#8221; rt_sp_margins=&#8221;,,,&#8221; rt_sp_content_margins=&#8221;,,,&#8221;][vc_column css_animation=&#8221;fadeIn&#8221; rt_bg_effect=&#8221;classic&#8221; rt_bg_image_repeat=&#8221;repeat&#8221; rt_bg_size=&#8221;auto auto&#8221; rt_bg_position=&#8221;right top&#8221; rt_bg_attachment=&#8221;scroll&#8221; rt_class=&#8221;rt-7757441&#8243; rt_margins=&#8221;0,0&#8243; rt_paddings=&#8221;,,0,0&#8243; rt_wrapper_paddings=&#8221;,0,,&#8221; rt_tablet_margins=&#8221;,&#8221; rt_tablet_paddings=&#8221;,,,&#8221; rt_tablet_wrapper_paddings=&#8221;,,,&#8221; rt_sp_margins=&#8221;,&#8221; rt_sp_paddings=&#8221;,,,&#8221; rt_sp_wrapper_paddings=&#8221;,,,&#8221; rt_bg_color=&#8221;&#8221; rt_bg_overlay_color=&#8221;&#8221;]<div class=\"google_map_holder\" data-height=\"272\" data-scope=\"#map-981448\" data-bw=\"yes\">\n\n\t\t\t<div id=\"map-981448\" class=\"google_map\"><\/div>\n\t\t\t<script type=\"text\/javascript\">\n\t\t\t \/* <![CDATA[ *\/ \n\t\t\t\t\/\/ Runs google maps\t\n\t\t\t\t\tjQuery(function() {\n\t\t\t\t\t\tjQuery(window).on(\"load\",function(){\n\t\t\t\t\t\t\tjQuery(\"#map-981448\").rt_maps([[\"Kontaktn\u00e9 miesto \u017diar nad Hronom\", 48.563472, 18.845167, 4,\"Kontaktn\u00e9 miesto, Priemyseln\u00e1 12, \u017diar nad Hronom\"],[\"Prev\u00e1dzkov\u00fd are\u00e1l Zvolensk\u00e1 cesta, BB\", 48.700389, 19.139083, 4,\"Prev\u00e1dzkov\u00fd are\u00e1l Zvolensk\u00e1 cesta, BB\"],[\"ENVIGEO, a.s.\", 48.747363, 19.185291, 4,\"Kynce\u013eov\u00e1 2, 974 11 Bansk\u00e1 Bystrica, Slovensko\"],],10); \n\t\t\t\t\t\t});\t\n\t\t\t\t\t});\n\t\t\t\/* ]]> *\/\t\n\t\t\t<\/script>\n\n\t\t<\/div>[\/vc_column][\/vc_row][vc_row rt_row_background_width=&#8221;fullwidth&#8221; rt_row_content_width=&#8221;default&#8221; rt_row_style=&#8221;default-style&#8221; rt_row_height=&#8221;&#8221; rt_column_gaps=&#8221;&#8221; rt_row_shadows=&#8221;&#8221; rt_row_borders=&#8221;&#8221; rt_bg_effect=&#8221;classic&#8221; rt_bg_image_repeat=&#8221;repeat&#8221; rt_bg_size=&#8221;cover&#8221; rt_bg_position=&#8221;right top&#8221; rt_bg_attachment=&#8221;scroll&#8221; rt_bg_layer=&#8221;&#8221; rt_bg_video_format=&#8221;self-hosted&#8221;][vc_column rt_bg_effect=&#8221;classic&#8221; rt_bg_image_repeat=&#8221;repeat&#8221; rt_bg_size=&#8221;auto auto&#8221; rt_bg_position=&#8221;right top&#8221; rt_bg_attachment=&#8221;scroll&#8221;][vc_column_text]<\/p>\n<h3 style=\"text-align: center;\">Our workplaces<\/h3>\n<p>[\/vc_column_text][\/vc_column][\/vc_row][vc_row disable_element=&#8221;yes&#8221; rt_row_background_width=&#8221;fullwidth&#8221; rt_row_content_width=&#8221;default&#8221; rt_row_style=&#8221;default-style&#8221; rt_row_height=&#8221;&#8221; rt_column_gaps=&#8221;&#8221; rt_row_shadows=&#8221;&#8221; rt_row_borders=&#8221;&#8221; rt_bg_effect=&#8221;classic&#8221; rt_bg_image_repeat=&#8221;repeat&#8221; rt_bg_size=&#8221;cover&#8221; rt_bg_position=&#8221;right top&#8221; rt_bg_attachment=&#8221;scroll&#8221; rt_bg_layer=&#8221;&#8221; rt_bg_video_format=&#8221;self-hosted&#8221; rt_class=&#8221;rt-7939560&#8243; rt_paddings=&#8221;,,,&#8221; rt_margins=&#8221;,,,&#8221; rt_content_margins=&#8221;,,,&#8221; rt_tablet_paddings=&#8221;,,,&#8221; rt_tablet_margins=&#8221;,,,&#8221; rt_tablet_content_margins=&#8221;,,,&#8221; rt_sp_paddings=&#8221;,,,&#8221; rt_sp_margins=&#8221;,,,&#8221; rt_sp_content_margins=&#8221;,,,&#8221;][vc_column width=&#8221;1\/2&#8243; rt_bg_effect=&#8221;classic&#8221; rt_bg_image_repeat=&#8221;repeat&#8221; rt_bg_size=&#8221;auto auto&#8221; rt_bg_position=&#8221;right top&#8221; rt_bg_attachment=&#8221;scroll&#8221;][vc_column_text]<\/p>\n<p style=\"text-align: center;\"><strong>Address:<br \/>\n<\/strong>Kynce\u013eovsk\u00e1 cesta 2\/8<br \/>\n974\u00a011 Bansk\u00e1\u00a0Bystrica<\/p>\n<p style=\"text-align: center;\" align=\"center\"><strong>GPS coordinates:<\/strong><br \/>\n+48\u00b0\u00a044&#8242;\u00a050.50&#8243;, +19\u00b0\u00a011&#8242;\u00a06.32&#8243;<br \/>\n<a href=\"https:\/\/www.google.sk\/maps\/dir\/Kynce\u013eov\u00e1+2,+974+01+Kynce\u013eov\u00e1\/@48.7472081,19.1830231,742m\/data=!3m2!1e3!4b1!4m8!4m7!1m0!1m5!1m1!1s0x471515ef2e8efdb7:0xfb3959de65fb8a84!2m2!1d19.1852118!2d48.7472046?hl=sk\">map<\/a><\/p>\n<p style=\"text-align: center;\" align=\"center\"><strong>Contact:<\/strong><b><br \/>\n<\/b>tel: +421 (48) 471 24 30<br \/>\nfax: +421 (48) 471 24 23<br \/>\ne-mail: <a href=\"mailto:envigeo@envigeo.sk\">envigeo@envigeo.sk<\/a><\/p>\n<p>[\/vc_column_text][vc_separator style=&#8221;style-1&#8243; rt_class=&#8221;rt-7404844&#8243; margins=&#8221;,,,&#8221;][\/vc_column][vc_column width=&#8221;1\/2&#8243; rt_bg_effect=&#8221;classic&#8221; rt_bg_image_repeat=&#8221;repeat&#8221; rt_bg_size=&#8221;auto auto&#8221; rt_bg_position=&#8221;right top&#8221; rt_bg_attachment=&#8221;scroll&#8221;][vc_column_text]<\/p>\n<p style=\"text-align: center;\"><strong>Address:<br \/>\n<\/strong>Priemyseln\u00e1\u00a012<br \/>\n\u017diar\u00a0nad\u00a0Hronom<\/p>\n<p style=\"text-align: center;\" align=\"center\"><strong>GPS coordinates:<\/strong><br \/>\n+48\u00b0\u00a033&#8242;\u00a040.17&#8243;, +18\u00b0\u00a050&#8242;\u00a037.08&#8243;<br \/>\n<a href=\"https:\/\/www.google.sk\/maps\/place\/48\u00b033'40.2%22N+18\u00b050'37.1%22E\/@48.5611618,18.8414446,743m\/data=!3m2!1e3!4b1!4m2!3m1!1s0x0:0x0?hl=sk\">map<\/a><\/p>\n<p style=\"text-align: center;\" align=\"center\"><strong>Contact:<\/strong><b><br \/>\n<\/b>mobile: +421\u00a0902\u00a0959\u00a0304<br \/>\nfax: +421 (48) 471 24 23; 52<br \/>\ne-mail: <a href=\"mailto:cunderlik@envigeo.sk\">cunderlik@envigeo.sk<\/a><\/p>\n<p>[\/vc_column_text][vc_separator style=&#8221;style-1&#8243; rt_class=&#8221;rt-7404844&#8243; margins=&#8221;,,,&#8221;][\/vc_column][\/vc_row][vc_row rt_row_background_width=&#8221;fullwidth&#8221; rt_row_content_width=&#8221;default&#8221; rt_row_style=&#8221;default-style&#8221; rt_row_height=&#8221;&#8221; rt_column_gaps=&#8221;&#8221; rt_row_shadows=&#8221;&#8221; rt_row_borders=&#8221;&#8221; rt_bg_effect=&#8221;classic&#8221; rt_bg_image_repeat=&#8221;repeat&#8221; rt_bg_size=&#8221;cover&#8221; rt_bg_position=&#8221;right top&#8221; rt_bg_attachment=&#8221;scroll&#8221; rt_bg_layer=&#8221;&#8221; rt_bg_video_format=&#8221;self-hosted&#8221; rt_class=&#8221;rt-4127638&#8243; rt_paddings=&#8221;,,,&#8221; rt_margins=&#8221;,,,&#8221; rt_content_margins=&#8221;,,,&#8221; rt_tablet_paddings=&#8221;,,,&#8221; rt_tablet_margins=&#8221;,,,&#8221; rt_tablet_content_margins=&#8221;,,,&#8221; rt_sp_paddings=&#8221;,,,&#8221; rt_sp_margins=&#8221;,,,&#8221; rt_sp_content_margins=&#8221;,,,&#8221;][vc_column width=&#8221;1\/3&#8243; rt_bg_effect=&#8221;classic&#8221; rt_bg_image_repeat=&#8221;repeat&#8221; rt_bg_size=&#8221;auto auto&#8221; rt_bg_position=&#8221;right top&#8221; rt_bg_attachment=&#8221;scroll&#8221;][vc_column_text]<\/p>\n<p style=\"text-align: center;\"><strong>Address:<br \/>\n<\/strong>Kynce\u013eovsk\u00e1 cesta 2\/8<br \/>\n974\u00a011 Bansk\u00e1\u00a0Bystrica<\/p>\n<p style=\"text-align: center;\" align=\"center\"><strong>GPS coordinates:<\/strong><br \/>\n+48\u00b0\u00a044&#8242;\u00a050.50&#8243;, +19\u00b0\u00a011&#8242;\u00a06.32&#8243;<br \/>\n<a href=\"https:\/\/www.google.sk\/maps\/dir\/Kynce\u013eov\u00e1+2,+974+01+Kynce\u013eov\u00e1\/@48.7472081,19.1830231,742m\/data=!3m2!1e3!4b1!4m8!4m7!1m0!1m5!1m1!1s0x471515ef2e8efdb7:0xfb3959de65fb8a84!2m2!1d19.1852118!2d48.7472046?hl=sk\">map<\/a><\/p>\n<p style=\"text-align: center;\" align=\"center\"><strong>Contact:<\/strong><b><br \/>\n<\/b>tel: +421 (48) 471 24 30<br \/>\nfax: +421 (48) 471 24 23<br \/>\ne-mail: <a href=\"mailto:envigeo@envigeo.sk\">envigeo@envigeo.sk<\/a><\/p>\n<p>[\/vc_column_text][vc_separator style=&#8221;style-1&#8243; rt_class=&#8221;rt-7404844&#8243; margins=&#8221;,,,&#8221;][\/vc_column][vc_column width=&#8221;1\/3&#8243; rt_bg_effect=&#8221;classic&#8221; rt_bg_image_repeat=&#8221;repeat&#8221; rt_bg_size=&#8221;auto auto&#8221; rt_bg_position=&#8221;right top&#8221; rt_bg_attachment=&#8221;scroll&#8221;][vc_column_text]<\/p>\n<p style=\"text-align: center;\"><strong>Address:<br \/>\n<\/strong>Zvolensk\u00e1 cesta 3713\/91<br \/>\n974 05 Bansk\u00e1 Bystrica<\/p>\n<p style=\"text-align: center;\" align=\"center\"><strong>GPS coordinates:<\/strong><br \/>\n+48\u00b0 42&#8242; 01.4&#8243;, +19\u00b0 08&#8242; 20.7&#8243;<br \/>\n<a href=\"https:\/\/www.google.com\/maps\/place\/48%C2%B042'01.4%22N+19%C2%B008'20.7%22E\/@48.70052,19.1377374,17.5z\/data=!4m5!3m4!1s0x0:0x0!8m2!3d48.7003889!4d19.1390833?hl=sk-SK\">map<\/a><\/p>\n<p style=\"text-align: center;\" align=\"center\"><strong>Contact:<\/strong><b><br \/>\n<\/b>mobile: +421\u00a0902\u00a0959\u00a0339<br \/>\nfax: +421 (48) 471 24 63<br \/>\ne-mail: <a href=\"mailto:jasovsky@envigeo.sk\">jasovsky@envigeo.sk<\/a><\/p>\n<p>[\/vc_column_text][vc_separator style=&#8221;style-1&#8243; rt_class=&#8221;rt-7404844&#8243; margins=&#8221;,,,&#8221;][\/vc_column][vc_column width=&#8221;1\/3&#8243; rt_bg_effect=&#8221;classic&#8221; rt_bg_image_repeat=&#8221;repeat&#8221; rt_bg_size=&#8221;auto auto&#8221; rt_bg_position=&#8221;right top&#8221; rt_bg_attachment=&#8221;scroll&#8221;][vc_column_text]<\/p>\n<p style=\"text-align: center;\"><strong>Address:<br \/>\n<\/strong>Priemyseln\u00e1\u00a012<br \/>\n\u017diar\u00a0nad\u00a0Hronom<\/p>\n<p style=\"text-align: center;\" align=\"center\"><strong>GPS coordinates:<\/strong><br \/>\n+48\u00b0\u00a033&#8242;\u00a040.17&#8243;, +18\u00b0\u00a050&#8242;\u00a037.08&#8243;<br \/>\n<a href=\"https:\/\/www.google.sk\/maps\/place\/48\u00b033'40.2%22N+18\u00b050'37.1%22E\/@48.5611618,18.8414446,743m\/data=!3m2!1e3!4b1!4m2!3m1!1s0x0:0x0?hl=sk\">map<\/a><\/p>\n<p style=\"text-align: center;\" align=\"center\"><strong>Contact:<\/strong><b><br \/>\n<\/b>mobile: +421\u00a0902\u00a0959\u00a0304<br \/>\nfax: +421 (48) 471 24 23; 52<br \/>\ne-mail: <a href=\"mailto:cunderlik@envigeo.sk\">cunderlik@envigeo.sk<\/a><\/p>\n<p>[\/vc_column_text][vc_separator style=&#8221;style-1&#8243; rt_class=&#8221;rt-7404844&#8243; margins=&#8221;,,,&#8221;][\/vc_column][\/vc_row][vc_row rt_row_background_width=&#8221;fullwidth&#8221; rt_row_content_width=&#8221;default&#8221; rt_row_style=&#8221;default-style&#8221; rt_row_height=&#8221;&#8221; rt_column_gaps=&#8221;&#8221; rt_row_shadows=&#8221;&#8221; rt_row_borders=&#8221;&#8221; rt_bg_effect=&#8221;classic&#8221; rt_bg_image_repeat=&#8221;repeat&#8221; rt_bg_size=&#8221;cover&#8221; rt_bg_position=&#8221;right top&#8221; rt_bg_attachment=&#8221;scroll&#8221; rt_bg_layer=&#8221;&#8221; rt_bg_video_format=&#8221;self-hosted&#8221;][vc_column rt_bg_effect=&#8221;classic&#8221; rt_bg_image_repeat=&#8221;repeat&#8221; rt_bg_size=&#8221;auto auto&#8221; rt_bg_position=&#8221;right top&#8221; rt_bg_attachment=&#8221;scroll&#8221;][vc_empty_space][\/vc_column][\/vc_row]<\/p>\n","protected":false},"excerpt":{"rendered":"<p>[vc_row disable_element=&#8221;yes&#8221; rt_row_background_width=&#8221;fullwidth&#8221; rt_row_content_width=&#8221;default&#8221; rt_row_style=&#8221;default-style&#8221; rt_row_height=&#8221;&#8221; rt_column_gaps=&#8221;&#8221; rt_row_shadows=&#8221;&#8221; rt_row_borders=&#8221;&#8221; rt_bg_effect=&#8221;classic&#8221; rt_bg_image_repeat=&#8221;repeat&#8221; rt_bg_size=&#8221;cover&#8221; rt_bg_position=&#8221;right top&#8221; rt_bg_attachment=&#8221;scroll&#8221; rt_bg_layer=&#8221;&#8221; rt_bg_video_format=&#8221;self-hosted&#8221; rt_class=&#8221;rt-2055213&#8243; rt_paddings=&#8221;,,,&#8221; rt_margins=&#8221;,,,&#8221; rt_content_margins=&#8221;,,,&#8221; rt_tablet_paddings=&#8221;0,0,,&#8221; rt_tablet_margins=&#8221;,,,&#8221; rt_tablet_content_margins=&#8221;,,,&#8221; rt_sp_paddings=&#8221;0,0,,&#8221; rt_sp_margins=&#8221;,,,&#8221; rt_sp_content_margins=&#8221;,,,&#8221;][vc_column rt_bg_effect=&#8221;classic&#8221; rt_bg_image_repeat=&#8221;repeat&#8221; rt_bg_size=&#8221;auto auto&#8221; rt_bg_position=&#8221;right top&#8221; rt_bg_attachment=&#8221;scroll&#8221;][vc_empty_space height=&#8221;1px&#8221;][\/vc_column][\/vc_row][vc_row disable_element=&#8221;yes&#8221; rt_row_background_width=&#8221;fullwidth&#8221; rt_row_content_width=&#8221;default&#8221; rt_row_style=&#8221;default-style&#8221; rt_row_height=&#8221;&#8221; rt_column_gaps=&#8221;&#8221; rt_row_shadows=&#8221;&#8221; rt_row_borders=&#8221;&#8221; rt_bg_effect=&#8221;classic&#8221; rt_bg_image_repeat=&#8221;no-repeat&#8221; rt_bg_size=&#8221;cover&#8221; rt_bg_position=&#8221;right top&#8221; rt_bg_attachment=&#8221;scroll&#8221; rt_bg_layer=&#8221;&#8221; rt_bg_video_format=&#8221;self-hosted&#8221; rt_class=&#8221;rt-1852364&#8243; rt_paddings=&#8221;,,,&#8221; rt_margins=&#8221;,,,&#8221; rt_content_margins=&#8221;,,,&#8221; [&hellip;]<\/p>\n","protected":false},"author":2,"featured_media":0,"parent":0,"menu_order":0,"comment_status":"closed","ping_status":"closed","template":"","meta":{"footnotes":""},"class_list":["post-7879","page","type-page","status-publish","hentry"],"_links":{"self":[{"href":"https:\/\/envigeo.eu\/en\/wp-json\/wp\/v2\/pages\/7879","targetHints":{"allow":["GET"]}}],"collection":[{"href":"https:\/\/envigeo.eu\/en\/wp-json\/wp\/v2\/pages"}],"about":[{"href":"https:\/\/envigeo.eu\/en\/wp-json\/wp\/v2\/types\/page"}],"author":[{"embeddable":true,"href":"https:\/\/envigeo.eu\/en\/wp-json\/wp\/v2\/users\/2"}],"replies":[{"embeddable":true,"href":"https:\/\/envigeo.eu\/en\/wp-json\/wp\/v2\/comments?post=7879"}],"version-history":[{"count":10,"href":"https:\/\/envigeo.eu\/en\/wp-json\/wp\/v2\/pages\/7879\/revisions"}],"predecessor-version":[{"id":11299,"href":"https:\/\/envigeo.eu\/en\/wp-json\/wp\/v2\/pages\/7879\/revisions\/11299"}],"wp:attachment":[{"href":"https:\/\/envigeo.eu\/en\/wp-json\/wp\/v2\/media?parent=7879"}],"curies":[{"name":"wp","href":"https:\/\/api.w.org\/{rel}","templated":true}]}}