{"id":7889,"date":"2019-06-24T10:31:32","date_gmt":"2019-06-24T08:31:32","guid":{"rendered":"https:\/\/www.envigeo.eu\/other-services\/"},"modified":"2020-02-20T14:18:18","modified_gmt":"2020-02-20T13:18:18","slug":"other-services","status":"publish","type":"page","link":"https:\/\/envigeo.eu\/en\/other-services\/","title":{"rendered":"Other services"},"content":{"rendered":"<p>[vc_row rt_row_background_width=&#8221;fullwidth&#8221; rt_row_content_width=&#8221;default&#8221; rt_row_style=&#8221;default-style&#8221; rt_row_height=&#8221;&#8221; rt_column_placement=&#8221;middle&#8221; rt_column_view=&#8221;equal_heights&#8221; rt_column_gaps=&#8221;&#8221; rt_row_shadows=&#8221;&#8221; rt_row_borders=&#8221;bottom&#8221; rt_bg_effect=&#8221;classic&#8221; rt_bg_image_repeat=&#8221;no-repeat&#8221; rt_bg_size=&#8221;cover&#8221; rt_bg_position=&#8221;right top&#8221; rt_bg_attachment=&#8221;scroll&#8221; rt_bg_layer=&#8221;&#8221; rt_bg_video_format=&#8221;self-hosted&#8221; rt_row_paddings=&#8221;true&#8221; rt_padding_top=&#8221;60&#8243; rt_padding_bottom=&#8221;0&#8243; rt_class=&#8221;rt-4058279&#8243; rt_paddings=&#8221;175px,175px,,&#8221; rt_margins=&#8221;,,,&#8221; rt_content_margins=&#8221;,,,&#8221; rt_tablet_paddings=&#8221;,,,&#8221; rt_tablet_margins=&#8221;,,,&#8221; rt_tablet_content_margins=&#8221;,,,&#8221; rt_sp_paddings=&#8221;30,10,,&#8221; rt_sp_margins=&#8221;,,,&#8221; rt_sp_content_margins=&#8221;,,,&#8221; rt_bg_image=&#8221;7537&#8243;][vc_column width=&#8221;1\/6&#8243; rt_bg_effect=&#8221;classic&#8221; rt_bg_image_repeat=&#8221;no-repeat&#8221; rt_bg_size=&#8221;contain&#8221; rt_bg_position=&#8221;center center&#8221; rt_bg_attachment=&#8221;scroll&#8221; rt_col_paddings=&#8221;true&#8221; rt_wrp_col_paddings=&#8221;false&#8221; tablet_text_align=&#8221;&#8221; mobile_text_align=&#8221;&#8221; rt_bg_color=&#8221;&#8221; rt_bg_overlay_color=&#8221;&#8221; rt_class=&#8221;rt-5966460&#8243; rt_margins=&#8221;,&#8221; rt_paddings=&#8221;,,,&#8221; rt_wrapper_paddings=&#8221;,,,&#8221; rt_tablet_margins=&#8221;,&#8221; rt_tablet_paddings=&#8221;,,,&#8221; rt_tablet_wrapper_paddings=&#8221;,,,&#8221; rt_sp_margins=&#8221;,&#8221; rt_sp_paddings=&#8221;,,,&#8221; rt_sp_wrapper_paddings=&#8221;,,,&#8221; class=&#8221;tablet-text-center&#8221;][\/vc_column][vc_column width=&#8221;2\/3&#8243; text_align=&#8221;center&#8221; tablet_align=&#8221;center&#8221; mobile_align=&#8221;center&#8221; rt_bg_effect=&#8221;classic&#8221; rt_bg_image_repeat=&#8221;repeat&#8221; rt_bg_size=&#8221;auto auto&#8221; rt_bg_position=&#8221;right top&#8221; rt_bg_attachment=&#8221;scroll&#8221; rt_col_paddings=&#8221;true&#8221; rt_wrp_col_paddings=&#8221;false&#8221; tablet_text_align=&#8221;&#8221; mobile_text_align=&#8221;&#8221; rt_bg_color=&#8221;rgba(255,255,255,0.15)&#8221; rt_bg_overlay_color=&#8221;&#8221; rt_padding_top=&#8221;40&#8243; rt_padding_bottom=&#8221;40&#8243; rt_class=&#8221;rt-6145799&#8243; rt_margins=&#8221;150px,150px&#8221; rt_paddings=&#8221;40px,40px,40px,40px&#8221; rt_wrapper_paddings=&#8221;,,,&#8221; rt_tablet_margins=&#8221;60px,80px&#8221; rt_tablet_paddings=&#8221;,,,&#8221; rt_tablet_wrapper_paddings=&#8221;,,,&#8221; rt_sp_margins=&#8221;20px,40px&#8221; rt_sp_paddings=&#8221;,,,&#8221; rt_sp_wrapper_paddings=&#8221;,,,&#8221;]<div class=\"rt-heading-wrapper rt-6594561\">\n\t\t\t\t\t\t<h1 class=\"rt-heading\" >OTHER SERVICES<\/h1>\n\t\t\t\t\t<\/div>[vc_column_text 0=&#8221;&#8221;]<\/p>\n<p class=\"p1\"><span style=\"color: #ffffff;\">Contaminated water treatment plant<\/span><\/p>\n<p>[\/vc_column_text][\/vc_column][vc_column width=&#8221;1\/6&#8243; rt_bg_effect=&#8221;classic&#8221; rt_bg_image_repeat=&#8221;repeat&#8221; rt_bg_size=&#8221;auto auto&#8221; rt_bg_position=&#8221;right top&#8221; rt_bg_attachment=&#8221;scroll&#8221;][\/vc_column][\/vc_row][vc_row rt_row_background_width=&#8221;fullwidth&#8221; rt_row_content_width=&#8221;default&#8221; rt_row_style=&#8221;default-style&#8221; rt_row_height=&#8221;&#8221; rt_column_gaps=&#8221;&#8221; rt_row_shadows=&#8221;&#8221; rt_row_borders=&#8221;&#8221; rt_bg_effect=&#8221;classic&#8221; rt_transparent_bg=&#8221;true&#8221; rt_bg_image_repeat=&#8221;no-repeat&#8221; rt_bg_size=&#8221;cover&#8221; rt_bg_position=&#8221;center center&#8221; rt_bg_attachment=&#8221;scroll&#8221; rt_bg_layer=&#8221;&#8221; rt_bg_video_format=&#8221;self-hosted&#8221; rt_class=&#8221;rt-8062458&#8243; rt_paddings=&#8221;60px,60px,,&#8221; rt_margins=&#8221;,,,&#8221; rt_content_margins=&#8221;,,,&#8221; rt_tablet_paddings=&#8221;,,,&#8221; rt_tablet_margins=&#8221;,,,&#8221; rt_tablet_content_margins=&#8221;,,,&#8221; rt_sp_paddings=&#8221;30,30,,&#8221; rt_sp_margins=&#8221;,,,&#8221; rt_sp_content_margins=&#8221;,,,&#8221; rt_bg_overlay_color=&#8221;rgba(255,255,255,0.6)&#8221;][vc_column rt_bg_effect=&#8221;classic&#8221; rt_bg_image_repeat=&#8221;repeat&#8221; rt_bg_size=&#8221;auto auto&#8221; rt_bg_position=&#8221;right top&#8221; rt_bg_attachment=&#8221;scroll&#8221; rt_class=&#8221;rt-6418275&#8243; rt_margins=&#8221;,&#8221; rt_paddings=&#8221;0,0,,&#8221; rt_wrapper_paddings=&#8221;,,,&#8221; rt_tablet_margins=&#8221;,&#8221; rt_tablet_paddings=&#8221;,,,&#8221; rt_tablet_wrapper_paddings=&#8221;,,,&#8221; rt_sp_margins=&#8221;,&#8221; rt_sp_paddings=&#8221;,,,&#8221; rt_sp_wrapper_paddings=&#8221;,,,&#8221; rt_bg_color=&#8221;&#8221; rt_bg_overlay_color=&#8221;&#8221;][vc_row_inner rt_row_background_width=&#8221;fullwidth&#8221; rt_row_content_width=&#8221;default&#8221; rt_row_style=&#8221;global-style&#8221; rt_row_height=&#8221;&#8221; rt_column_view=&#8221;equal_heights&#8221; rt_column_gaps=&#8221;&#8221; rt_row_borders=&#8221;&#8221; rt_bg_effect=&#8221;classic&#8221; rt_bg_image_repeat=&#8221;repeat&#8221; rt_bg_size=&#8221;cover&#8221; rt_bg_position=&#8221;right top&#8221; rt_bg_attachment=&#8221;scroll&#8221; rt_bg_layer=&#8221;&#8221; rt_bg_video_format=&#8221;self-hosted&#8221; rt_class=&#8221;rt-3144595&#8243; rt_paddings=&#8221;20px,15px,,&#8221; rt_margins=&#8221;,,,&#8221; rt_content_margins=&#8221;,,,&#8221; rt_tablet_paddings=&#8221;,,,&#8221; rt_tablet_margins=&#8221;,,,&#8221; rt_tablet_content_margins=&#8221;,,,&#8221; rt_sp_paddings=&#8221;,,,&#8221; rt_sp_margins=&#8221;,,,&#8221; rt_sp_content_margins=&#8221;,,,&#8221;][vc_column_inner width=&#8221;1\/6&#8243; rt_bg_effect=&#8221;classic&#8221; rt_bg_image_repeat=&#8221;repeat&#8221; rt_bg_size=&#8221;auto auto&#8221; rt_bg_position=&#8221;right top&#8221; rt_bg_attachment=&#8221;scroll&#8221;][\/vc_column_inner][vc_column_inner width=&#8221;2\/3&#8243; rt_color_set=&#8221;default-style&#8221; rt_bg_effect=&#8221;classic&#8221; rt_bg_image_repeat=&#8221;repeat&#8221; rt_bg_size=&#8221;auto auto&#8221; rt_bg_position=&#8221;right top&#8221; rt_bg_attachment=&#8221;scroll&#8221; rt_class=&#8221;rt-3899560&#8243; rt_margins=&#8221;,&#8221; rt_paddings=&#8221;30,30,,&#8221; rt_wrapper_paddings=&#8221;,,,&#8221; rt_tablet_margins=&#8221;,&#8221; rt_tablet_paddings=&#8221;,,,&#8221; rt_tablet_wrapper_paddings=&#8221;,,,&#8221; rt_sp_margins=&#8221;,&#8221; rt_sp_paddings=&#8221;,,,&#8221; rt_sp_wrapper_paddings=&#8221;,,,&#8221; rt_bg_color=&#8221;&#8221; rt_bg_overlay_color=&#8221;&#8221;]<article  class=\"icon-content-box icon-pos-top icon-style-6\"><div class=\"icon-holder\"><a href=\"\/cistiaren-znecistenych-vod\/\" title=\"\" target=\"_self\"><\/a><\/div><div class=\"text-holder\">\n\t<h4 class=\"heading\">\n\t\t<a href=\"\/cistiaren-znecistenych-vod\/\" title=\"Contaminated water treatment plant\" target=\"_self\">\n\t\t\tContaminated water treatment plant\n\t\t<\/a>\n\t<\/h4> <p class=\"aligncenter\">Contaminated Water Treatment Plant\u00a0(CWTP) was developed as a\u00a0part of\u00a0remedial project in\u00a0Vajskov\u00e1 site, a\u00a0former antimonium smelter. ENVIGEO performed investigation and\u00a0remediation here for\u00a0Rudn\u00e9\u00a0bane,\u00a0SOE, Bansk\u00e1\u00a0Bystrica.<\/p>\n<\/div><\/article>[vc_empty_space height=&#8221;20px&#8221;]<div class=\"button_wrapper  aligncenter rounded\"><a href=\"https:\/\/www.envigeo.eu\/en\/contaminated-water-treatment-plant\/\" target=\"_self\" title=\"Contaminated water treatment plant Vajskov\u00e1\" class=\"button_  style-1 small rt-6652790\"><span><span class=\"button-icon icon-right-open\"><\/span><span>More ...<\/span><\/span><\/a><\/div>[vc_empty_space][\/vc_column_inner][vc_column_inner width=&#8221;1\/6&#8243; rt_bg_effect=&#8221;classic&#8221; rt_bg_image_repeat=&#8221;repeat&#8221; rt_bg_size=&#8221;auto auto&#8221; rt_bg_position=&#8221;right top&#8221; rt_bg_attachment=&#8221;scroll&#8221;][\/vc_column_inner][\/vc_row_inner][\/vc_column][\/vc_row][vc_row disable_element=&#8221;yes&#8221; rt_row_background_width=&#8221;fullwidth&#8221; rt_row_content_width=&#8221;default&#8221; rt_row_style=&#8221;default-style&#8221; rt_row_height=&#8221;&#8221; rt_column_gaps=&#8221;&#8221; rt_row_shadows=&#8221;&#8221; rt_row_borders=&#8221;&#8221; rt_bg_effect=&#8221;classic&#8221; rt_transparent_bg=&#8221;true&#8221; rt_bg_image_repeat=&#8221;no-repeat&#8221; rt_bg_size=&#8221;cover&#8221; rt_bg_position=&#8221;center center&#8221; rt_bg_attachment=&#8221;scroll&#8221; rt_bg_layer=&#8221;&#8221; rt_bg_video_format=&#8221;self-hosted&#8221; rt_class=&#8221;rt-9535845&#8243; rt_paddings=&#8221;60px,60px,,&#8221; rt_margins=&#8221;,,,&#8221; rt_content_margins=&#8221;,,,&#8221; rt_tablet_paddings=&#8221;,,,&#8221; rt_tablet_margins=&#8221;,,,&#8221; rt_tablet_content_margins=&#8221;,,,&#8221; rt_sp_paddings=&#8221;,,,&#8221; rt_sp_margins=&#8221;,,,&#8221; rt_sp_content_margins=&#8221;,,,&#8221; rt_bg_image=&#8221;4598&#8243; rt_bg_overlay_color=&#8221;rgba(255,255,255,0.6)&#8221;][vc_column rt_bg_effect=&#8221;classic&#8221; rt_bg_image_repeat=&#8221;repeat&#8221; rt_bg_size=&#8221;auto auto&#8221; rt_bg_position=&#8221;right top&#8221; rt_bg_attachment=&#8221;scroll&#8221;][vc_row_inner rt_row_background_width=&#8221;fullwidth&#8221; rt_row_content_width=&#8221;default&#8221; rt_row_style=&#8221;global-style&#8221; rt_row_height=&#8221;&#8221; rt_column_view=&#8221;equal_heights&#8221; rt_column_gaps=&#8221;&#8221; rt_row_borders=&#8221;&#8221; rt_bg_effect=&#8221;classic&#8221; rt_bg_image_repeat=&#8221;repeat&#8221; rt_bg_size=&#8221;cover&#8221; rt_bg_position=&#8221;right top&#8221; rt_bg_attachment=&#8221;scroll&#8221; rt_bg_layer=&#8221;&#8221; rt_bg_video_format=&#8221;self-hosted&#8221; rt_class=&#8221;rt-5102493&#8243; rt_paddings=&#8221;20px,15px,,&#8221; rt_margins=&#8221;,,,&#8221; rt_content_margins=&#8221;,,,&#8221; rt_tablet_paddings=&#8221;,,,&#8221; rt_tablet_margins=&#8221;,,,&#8221; rt_tablet_content_margins=&#8221;,,,&#8221; rt_sp_paddings=&#8221;,,,&#8221; rt_sp_margins=&#8221;,,,&#8221; rt_sp_content_margins=&#8221;,,,&#8221;][vc_column_inner width=&#8221;1\/3&#8243; rt_column_boxed=&#8221;true&#8221; rt_bg_effect=&#8221;classic&#8221; rt_bg_image_repeat=&#8221;repeat&#8221; rt_bg_size=&#8221;auto auto&#8221; rt_bg_position=&#8221;right top&#8221; rt_bg_attachment=&#8221;scroll&#8221; rt_class=&#8221;rt-2572517&#8243; rt_margins=&#8221;,&#8221; rt_paddings=&#8221;,,,&#8221; rt_wrapper_paddings=&#8221;,40px,40px,40px&#8221; rt_tablet_margins=&#8221;,&#8221; rt_tablet_paddings=&#8221;,,,&#8221; rt_tablet_wrapper_paddings=&#8221;,,,&#8221; rt_sp_margins=&#8221;,&#8221; rt_sp_paddings=&#8221;,,,&#8221; rt_sp_wrapper_paddings=&#8221;,,,&#8221; rt_bg_color=&#8221;&#8221; rt_bg_overlay_color=&#8221;&#8221;]<article  class=\"icon-content-box icon-pos-top icon-style-6\"><div class=\"icon-holder\"><a href=\"\/environmentalny-audit\/\" title=\"\" target=\"_self\"><\/a><\/div><div class=\"text-holder\">\n\t<h4 class=\"heading\">\n\t\t<a href=\"\/environmentalny-audit\/\" title=\"Environment\u00e1lny audit\" target=\"_self\">\n\t\t\tEnvironment\u00e1lny audit\n\t\t<\/a>\n\t<\/h4> <p class=\"aligncenter\">Spolo\u010dnos\u0165 ENVIGEO vykon\u00e1va aj pr\u00e1ce, zameran\u00e9 na pos\u00fadenie s\u00faladu aktiv\u00edt dan\u00e9ho subjektu (naj\u010dastej\u0161ie priemyselnej prev\u00e1dzky) k platnej legislat\u00edve vo vz\u0165ahu k \u017eivotn\u00e9mu prostrediu, ich vyhodnotenie a vy\u010d\u00edslenie n\u00e1kladov potrebn\u00fdch na odstr\u00e1nenie a prevenciu \u0161k\u00f4d a nedostatkov.<\/p>\n<\/div><\/article>[\/vc_column_inner][vc_column_inner width=&#8221;1\/3&#8243; rt_column_boxed=&#8221;true&#8221; rt_bg_effect=&#8221;classic&#8221; rt_bg_image_repeat=&#8221;repeat&#8221; rt_bg_size=&#8221;auto auto&#8221; rt_bg_position=&#8221;right top&#8221; rt_bg_attachment=&#8221;scroll&#8221; rt_class=&#8221;rt-5218029&#8243; rt_margins=&#8221;,&#8221; rt_paddings=&#8221;,,,&#8221; rt_wrapper_paddings=&#8221;,40px,40px,40px&#8221; rt_tablet_margins=&#8221;,&#8221; rt_tablet_paddings=&#8221;,,,&#8221; rt_tablet_wrapper_paddings=&#8221;,,,&#8221; rt_sp_margins=&#8221;,&#8221; rt_sp_paddings=&#8221;,,,&#8221; rt_sp_wrapper_paddings=&#8221;,,,&#8221; rt_bg_color=&#8221;&#8221; rt_bg_overlay_color=&#8221;&#8221;]<article  class=\"icon-content-box icon-pos-top icon-style-6\"><div class=\"icon-holder\"><a href=\"\/environmentalny-plan-vystavby\/\" title=\"\" target=\"_self\"><\/a><\/div><div class=\"text-holder\">\n\t<h4 class=\"heading\">\n\t\t<a href=\"\/environmentalny-plan-vystavby\/\" title=\"Environment\u00e1lny pl\u00e1n v\u00fdstavby\" target=\"_self\">\n\t\t\tEnvironment\u00e1lny pl\u00e1n v\u00fdstavby\n\t\t<\/a>\n\t<\/h4> <p class=\"aligncenter\">Cie\u013eom EPV je zabezpe\u010di\u0165, aby stavebn\u00e9 pr\u00e1ce boli vykon\u00e1van\u00e9 so zrete\u013eom na ochranu v\u0161etk\u00fdch prvkov \u017eivotn\u00e9ho prostredia.<\/p>\n<\/div><\/article>[\/vc_column_inner][vc_column_inner width=&#8221;1\/3&#8243; rt_column_boxed=&#8221;true&#8221; rt_bg_effect=&#8221;classic&#8221; rt_bg_image_repeat=&#8221;repeat&#8221; rt_bg_size=&#8221;auto auto&#8221; rt_bg_position=&#8221;right top&#8221; rt_bg_attachment=&#8221;scroll&#8221; rt_class=&#8221;rt-5135198&#8243; rt_margins=&#8221;,&#8221; rt_paddings=&#8221;,,,&#8221; rt_wrapper_paddings=&#8221;,40px,40px,40px&#8221; rt_tablet_margins=&#8221;,&#8221; rt_tablet_paddings=&#8221;,,,&#8221; rt_tablet_wrapper_paddings=&#8221;,,,&#8221; rt_sp_margins=&#8221;,&#8221; rt_sp_paddings=&#8221;,,,&#8221; rt_sp_wrapper_paddings=&#8221;,,,&#8221; rt_bg_color=&#8221;&#8221; rt_bg_overlay_color=&#8221;&#8221;]<article  class=\"icon-content-box icon-pos-top icon-style-6\"><div class=\"icon-holder\"><a href=\"\/vodozadrzne-opatrenia\/\" title=\"\" target=\"_self\"><\/a><\/div><div class=\"text-holder\">\n\t<h4 class=\"heading\">\n\t\t<a href=\"\/vodozadrzne-opatrenia\/\" title=\"Vodoz\u00e1dr\u017en\u00e9 opatrenia\" target=\"_self\">\n\t\t\tVodoz\u00e1dr\u017en\u00e9 opatrenia\n\t\t<\/a>\n\t<\/h4> <p class=\"aligncenter\">Spolo\u010dno\u0165 ENVIGEO sa z\u00fa\u010dastnila vl\u00e1dneho Programu revitaliz\u00e1cie krajiny a\u00a0integrovan\u00e9ho mana\u017ementu povod\u00ed SR, ktor\u00e9ho cie\u013eom bola realiz\u00e1cia vodoz\u00e1dr\u017en\u00fdch opatren\u00ed v krajine ako prevencie pred povod\u0148ami, medi\u00e1lne zn\u00e1meho ako budovanie &#8220;hr\u00e1dzok&#8221; (resp. &#8220;vodn\u00fd les&#8221;).<\/p>\n<\/div><\/article>[\/vc_column_inner][\/vc_row_inner][vc_row_inner rt_row_background_width=&#8221;fullwidth&#8221; rt_row_content_width=&#8221;default&#8221; rt_row_style=&#8221;global-style&#8221; rt_row_height=&#8221;&#8221; rt_column_view=&#8221;equal_heights&#8221; rt_column_gaps=&#8221;&#8221; rt_row_borders=&#8221;&#8221; rt_bg_effect=&#8221;classic&#8221; rt_bg_image_repeat=&#8221;repeat&#8221; rt_bg_size=&#8221;cover&#8221; rt_bg_position=&#8221;right top&#8221; rt_bg_attachment=&#8221;scroll&#8221; rt_bg_layer=&#8221;&#8221; rt_bg_video_format=&#8221;self-hosted&#8221; rt_class=&#8221;rt-5102493&#8243; rt_paddings=&#8221;20px,15px,,&#8221; rt_margins=&#8221;,,,&#8221; rt_content_margins=&#8221;,,,&#8221; rt_tablet_paddings=&#8221;,,,&#8221; rt_tablet_margins=&#8221;,,,&#8221; rt_tablet_content_margins=&#8221;,,,&#8221; rt_sp_paddings=&#8221;,,,&#8221; rt_sp_margins=&#8221;,,,&#8221; rt_sp_content_margins=&#8221;,,,&#8221;][vc_column_inner width=&#8221;1\/3&#8243; rt_column_boxed=&#8221;true&#8221; rt_bg_effect=&#8221;classic&#8221; rt_bg_image_repeat=&#8221;repeat&#8221; rt_bg_size=&#8221;auto auto&#8221; rt_bg_position=&#8221;right top&#8221; rt_bg_attachment=&#8221;scroll&#8221; rt_class=&#8221;rt-2572517&#8243; rt_margins=&#8221;,&#8221; rt_paddings=&#8221;,,,&#8221; rt_wrapper_paddings=&#8221;,40px,40px,40px&#8221; rt_tablet_margins=&#8221;,&#8221; rt_tablet_paddings=&#8221;,,,&#8221; rt_tablet_wrapper_paddings=&#8221;,,,&#8221; rt_sp_margins=&#8221;,&#8221; rt_sp_paddings=&#8221;,,,&#8221; rt_sp_wrapper_paddings=&#8221;,,,&#8221; rt_bg_color=&#8221;&#8221; rt_bg_overlay_color=&#8221;&#8221;]<article  class=\"icon-content-box icon-pos-top icon-style-6\"><div class=\"icon-holder\"><a href=\"\/cistiaren-znecistenych-vod\/\" title=\"\" target=\"_self\"><\/a><\/div><div class=\"text-holder\">\n\t<h4 class=\"heading\">\n\t\t<a href=\"\/cistiaren-znecistenych-vod\/\" title=\"\u010cistiare\u0148 zne\u010disten\u00fdch v\u00f4d\" target=\"_self\">\n\t\t\t\u010cistiare\u0148 zne\u010disten\u00fdch v\u00f4d\n\t\t<\/a>\n\t<\/h4> <p class=\"aligncenter\">V s\u00favislosti s havarijn\u00fdm zne\u010disten\u00edm horninov\u00e9ho prostredia, podzemn\u00fdch a povrchov\u00fdch v\u00f4d na \u00fazem\u00ed b\u00fdvalej antim\u00f3novej huty vo Vajskovej (k.\u00fa. Podbrezov\u00e1), bola vykonan\u00e1 s\u00e9ria prieskumn\u00fdch a sana\u010dn\u00fdch pr\u00e1c, ktor\u00e9 pre Rudn\u00e9 bane, \u0161.p., Bansk\u00e1 Bystrica zabezpe\u010dovala na\u0161a spolo\u010dnos\u0165.<\/p>\n<\/div><\/article>[\/vc_column_inner][vc_column_inner width=&#8221;1\/3&#8243; rt_column_boxed=&#8221;true&#8221; rt_bg_effect=&#8221;classic&#8221; rt_bg_image_repeat=&#8221;repeat&#8221; rt_bg_size=&#8221;auto auto&#8221; rt_bg_position=&#8221;right top&#8221; rt_bg_attachment=&#8221;scroll&#8221; rt_class=&#8221;rt-5218029&#8243; rt_margins=&#8221;,&#8221; rt_paddings=&#8221;,,,&#8221; rt_wrapper_paddings=&#8221;,40px,40px,40px&#8221; rt_tablet_margins=&#8221;,&#8221; rt_tablet_paddings=&#8221;,,,&#8221; rt_tablet_wrapper_paddings=&#8221;,,,&#8221; rt_sp_margins=&#8221;,&#8221; rt_sp_paddings=&#8221;,,,&#8221; rt_sp_wrapper_paddings=&#8221;,,,&#8221; rt_bg_color=&#8221;&#8221; rt_bg_overlay_color=&#8221;&#8221;]<article  class=\"icon-content-box icon-pos-top icon-style-6\"><div class=\"icon-holder\"><a href=\"\/databazy-a-gis\/\" title=\"\" target=\"_self\"><\/a><\/div><div class=\"text-holder\">\n\t<h4 class=\"heading\">\n\t\t<a href=\"\/databazy-a-gis\/\" title=\"Informa\u010dn\u00e9 syst\u00e9my - Datab\u00e1zy a GIS\" target=\"_self\">\n\t\t\tInforma\u010dn\u00e9 syst\u00e9my - Datab\u00e1zy a GIS\n\t\t<\/a>\n\t<\/h4> <p class=\"aligncenter\">Spolo\u010dnos\u0165 ENVIGEO, a.s. m\u00e1 dlhoro\u010dn\u00e9 sk\u00fasenosti s tvorbou jednoduch\u00fdch jedno\u00fa\u010delov\u00fdch datab\u00e1z na b\u00e1ze DBX a Microsoft Access ako i viacu\u017e\u00edvate\u013esk\u00fdch, sie\u0165ovo orientovan\u00fdch datab\u00e1z na b\u00e1ze SQL serverov s WWW rozhran\u00edm.<\/p>\n<\/div><\/article>[\/vc_column_inner][vc_column_inner width=&#8221;1\/3&#8243; rt_column_boxed=&#8221;true&#8221; rt_bg_effect=&#8221;classic&#8221; rt_bg_image_repeat=&#8221;repeat&#8221; rt_bg_size=&#8221;auto auto&#8221; rt_bg_position=&#8221;right top&#8221; rt_bg_attachment=&#8221;scroll&#8221; rt_class=&#8221;rt-5135198&#8243; rt_margins=&#8221;,&#8221; rt_paddings=&#8221;,,,&#8221; rt_wrapper_paddings=&#8221;,40px,40px,40px&#8221; rt_tablet_margins=&#8221;,&#8221; rt_tablet_paddings=&#8221;,,,&#8221; rt_tablet_wrapper_paddings=&#8221;,,,&#8221; rt_sp_margins=&#8221;,&#8221; rt_sp_paddings=&#8221;,,,&#8221; rt_sp_wrapper_paddings=&#8221;,,,&#8221; rt_bg_color=&#8221;&#8221; rt_bg_overlay_color=&#8221;&#8221;]<article  class=\"icon-content-box icon-pos-top icon-style-6\"><div class=\"icon-holder\"><a href=\"\/modelovanie-a-vizualizacia\/\" title=\"\" target=\"_self\"><\/a><\/div><div class=\"text-holder\">\n\t<h4 class=\"heading\">\n\t\t<a href=\"\/modelovanie-a-vizualizacia\/\" title=\"Informa\u010dn\u00e9 syst\u00e9my - Modelovanie a vizualiz\u00e1cia\" target=\"_self\">\n\t\t\tInforma\u010dn\u00e9 syst\u00e9my - Modelovanie a vizualiz\u00e1cia\n\t\t<\/a>\n\t<\/h4> <p class=\"aligncenter\"><span class=\"Apple-converted-space\">S<\/span>polo\u010dnos\u0165 ENVIGEO pon\u00faka po\u010d\u00edta\u010dov\u00e9 modelovanie s pomocou softv\u00e9ru Visual MODFLOW Pro, produktu firmy Waterloo Hydrogeologic, Canada (dnes Schlumberger Water Services).<\/p>\n<\/div><\/article>[\/vc_column_inner][\/vc_row_inner][\/vc_column][\/vc_row]<\/p>\n","protected":false},"excerpt":{"rendered":"<p>[vc_row rt_row_background_width=&#8221;fullwidth&#8221; rt_row_content_width=&#8221;default&#8221; rt_row_style=&#8221;default-style&#8221; rt_row_height=&#8221;&#8221; rt_column_placement=&#8221;middle&#8221; rt_column_view=&#8221;equal_heights&#8221; rt_column_gaps=&#8221;&#8221; rt_row_shadows=&#8221;&#8221; rt_row_borders=&#8221;bottom&#8221; rt_bg_effect=&#8221;classic&#8221; rt_bg_image_repeat=&#8221;no-repeat&#8221; rt_bg_size=&#8221;cover&#8221; rt_bg_position=&#8221;right top&#8221; rt_bg_attachment=&#8221;scroll&#8221; rt_bg_layer=&#8221;&#8221; rt_bg_video_format=&#8221;self-hosted&#8221; rt_row_paddings=&#8221;true&#8221; rt_padding_top=&#8221;60&#8243; rt_padding_bottom=&#8221;0&#8243; rt_class=&#8221;rt-4058279&#8243; rt_paddings=&#8221;175px,175px,,&#8221; rt_margins=&#8221;,,,&#8221; rt_content_margins=&#8221;,,,&#8221; rt_tablet_paddings=&#8221;,,,&#8221; rt_tablet_margins=&#8221;,,,&#8221; rt_tablet_content_margins=&#8221;,,,&#8221; rt_sp_paddings=&#8221;30,10,,&#8221; rt_sp_margins=&#8221;,,,&#8221; rt_sp_content_margins=&#8221;,,,&#8221; rt_bg_image=&#8221;7537&#8243;][vc_column width=&#8221;1\/6&#8243; rt_bg_effect=&#8221;classic&#8221; rt_bg_image_repeat=&#8221;no-repeat&#8221; rt_bg_size=&#8221;contain&#8221; rt_bg_position=&#8221;center center&#8221; rt_bg_attachment=&#8221;scroll&#8221; rt_col_paddings=&#8221;true&#8221; rt_wrp_col_paddings=&#8221;false&#8221; tablet_text_align=&#8221;&#8221; mobile_text_align=&#8221;&#8221; rt_bg_color=&#8221;&#8221; rt_bg_overlay_color=&#8221;&#8221; rt_class=&#8221;rt-5966460&#8243; rt_margins=&#8221;,&#8221; rt_paddings=&#8221;,,,&#8221; rt_wrapper_paddings=&#8221;,,,&#8221; rt_tablet_margins=&#8221;,&#8221; rt_tablet_paddings=&#8221;,,,&#8221; rt_tablet_wrapper_paddings=&#8221;,,,&#8221; rt_sp_margins=&#8221;,&#8221; rt_sp_paddings=&#8221;,,,&#8221; rt_sp_wrapper_paddings=&#8221;,,,&#8221; [&hellip;]<\/p>\n","protected":false},"author":2,"featured_media":0,"parent":0,"menu_order":0,"comment_status":"closed","ping_status":"closed","template":"","meta":{"footnotes":""},"class_list":["post-7889","page","type-page","status-publish","hentry"],"_links":{"self":[{"href":"https:\/\/envigeo.eu\/en\/wp-json\/wp\/v2\/pages\/7889","targetHints":{"allow":["GET"]}}],"collection":[{"href":"https:\/\/envigeo.eu\/en\/wp-json\/wp\/v2\/pages"}],"about":[{"href":"https:\/\/envigeo.eu\/en\/wp-json\/wp\/v2\/types\/page"}],"author":[{"embeddable":true,"href":"https:\/\/envigeo.eu\/en\/wp-json\/wp\/v2\/users\/2"}],"replies":[{"embeddable":true,"href":"https:\/\/envigeo.eu\/en\/wp-json\/wp\/v2\/comments?post=7889"}],"version-history":[{"count":8,"href":"https:\/\/envigeo.eu\/en\/wp-json\/wp\/v2\/pages\/7889\/revisions"}],"predecessor-version":[{"id":8238,"href":"https:\/\/envigeo.eu\/en\/wp-json\/wp\/v2\/pages\/7889\/revisions\/8238"}],"wp:attachment":[{"href":"https:\/\/envigeo.eu\/en\/wp-json\/wp\/v2\/media?parent=7889"}],"curies":[{"name":"wp","href":"https:\/\/api.w.org\/{rel}","templated":true}]}}